{"id":1190,"date":"2025-02-22T14:07:59","date_gmt":"2025-02-22T13:07:59","guid":{"rendered":"https:\/\/ffschwandorf.de\/?page_id=1190"},"modified":"2026-03-02T22:01:01","modified_gmt":"2026-03-02T22:01:01","slug":"kinderfeuerwehr","status":"publish","type":"page","link":"https:\/\/feuerwehr-schwandorf.de\/?page_id=1190","title":{"rendered":"Kinderfeuerwehr"},"content":{"rendered":"\t\t<div data-elementor-type=\"wp-page\" data-elementor-id=\"1190\" class=\"elementor elementor-1190\" data-elementor-post-type=\"page\">\n\t\t\t\t<div class=\"elementor-element elementor-element-89a2fa1 e-flex e-con-boxed wpr-particle-no wpr-jarallax-no wpr-parallax-no wpr-sticky-section-no e-con e-parent\" data-id=\"89a2fa1\" data-element_type=\"container\" data-e-type=\"container\">\n\t\t\t\t\t<div class=\"e-con-inner\">\n\t\t<div class=\"elementor-element elementor-element-67329a4 e-con-full e-flex wpr-particle-no wpr-jarallax-no wpr-parallax-no wpr-sticky-section-no e-con e-child\" data-id=\"67329a4\" data-element_type=\"container\" data-e-type=\"container\">\n\t\t\t\t<div class=\"elementor-element elementor-element-1d733a7 elementor-widget elementor-widget-image\" data-id=\"1d733a7\" data-element_type=\"widget\" data-e-type=\"widget\" data-widget_type=\"image.default\">\n\t\t\t\t\t\t\t\t\t\t\t\t\t\t\t<img decoding=\"async\" src=\"https:\/\/feuerwehr-schwandorf.de\/wp-content\/uploads\/2025\/02\/Fuchs_Sabrina2-1.jpg\" title=\"Fuchs_Sabrina2 (1)\" alt=\"Fuchs_Sabrina2 (1)\" loading=\"lazy\" \/>\t\t\t\t\t\t\t\t\t\t\t\t\t\t\t<\/div>\n\t\t\t\t<div class=\"elementor-element elementor-element-abff0e3 elementor-widget elementor-widget-text-editor\" data-id=\"abff0e3\" data-element_type=\"widget\" data-e-type=\"widget\" data-widget_type=\"text-editor.default\">\n\t\t\t\t\t\t\t\t\t<p>Hier findest du mehr Informationen \u00fcber die Betreuer der Kinderfeuerwehr Schwandorf<\/p>\t\t\t\t\t\t\t\t<\/div>\n\t\t\t\t<div class=\"elementor-element elementor-element-0d174bd elementor-align-center elementor-widget elementor-widget-button\" data-id=\"0d174bd\" data-element_type=\"widget\" data-e-type=\"widget\" data-widget_type=\"button.default\">\n\t\t\t\t\t\t\t\t\t\t<a class=\"elementor-button elementor-button-link elementor-size-sm\" href=\"https:\/\/ffschwandorf.de\/betruer\/\">\n\t\t\t\t\t\t<span class=\"elementor-button-content-wrapper\">\n\t\t\t\t\t\t\t\t\t<span class=\"elementor-button-text\">Mehr Informationen<\/span>\n\t\t\t\t\t<\/span>\n\t\t\t\t\t<\/a>\n\t\t\t\t\t\t\t\t<\/div>\n\t\t\t\t<\/div>\n\t\t<div class=\"elementor-element elementor-element-542c10b e-con-full e-flex wpr-particle-no wpr-jarallax-no wpr-parallax-no wpr-sticky-section-no e-con e-child\" data-id=\"542c10b\" data-element_type=\"container\" data-e-type=\"container\">\n\t\t\t\t<div class=\"elementor-element elementor-element-7672a26 elementor-widget elementor-widget-image\" data-id=\"7672a26\" data-element_type=\"widget\" data-e-type=\"widget\" data-widget_type=\"image.default\">\n\t\t\t\t\t\t\t\t\t\t\t\t\t\t\t<img fetchpriority=\"high\" decoding=\"async\" width=\"800\" height=\"533\" src=\"https:\/\/feuerwehr-schwandorf.de\/wp-content\/uploads\/2025\/02\/FF_Feuerschwaene_05_05_2022-23.jpg\" class=\"attachment-large size-large wp-image-1196\" alt=\"\" srcset=\"https:\/\/feuerwehr-schwandorf.de\/wp-content\/uploads\/2025\/02\/FF_Feuerschwaene_05_05_2022-23.jpg 800w, https:\/\/feuerwehr-schwandorf.de\/wp-content\/uploads\/2025\/02\/FF_Feuerschwaene_05_05_2022-23-300x200.jpg 300w, https:\/\/feuerwehr-schwandorf.de\/wp-content\/uploads\/2025\/02\/FF_Feuerschwaene_05_05_2022-23-768x512.jpg 768w\" sizes=\"(max-width: 800px) 100vw, 800px\" \/>\t\t\t\t\t\t\t\t\t\t\t\t\t\t\t<\/div>\n\t\t\t\t<div class=\"elementor-element elementor-element-068f74a elementor-widget elementor-widget-text-editor\" data-id=\"068f74a\" data-element_type=\"widget\" data-e-type=\"widget\" data-widget_type=\"text-editor.default\">\n\t\t\t\t\t\t\t\t\t<h1 class=\"article-header__heading heading-1\" style=\"text-align: center;\">Fr\u00fch \u00fcbt sich, wer ein Meister werden will!<\/h1><div>\u00a0<\/div><div>Bereits die kleinsten lernen bei uns mit viel Spa\u00df einiges \u00fcber den Brandschutz. Mehr informationen findet ihr hier\u00a0<\/div>\t\t\t\t\t\t\t\t<\/div>\n\t\t\t\t<div class=\"elementor-element elementor-element-885c6d5 elementor-align-center elementor-widget elementor-widget-button\" data-id=\"885c6d5\" data-element_type=\"widget\" data-e-type=\"widget\" data-widget_type=\"button.default\">\n\t\t\t\t\t\t\t\t\t\t<a class=\"elementor-button elementor-button-link elementor-size-sm\" href=\"https:\/\/ffschwandorf.de\/mach-mit-kf\/\">\n\t\t\t\t\t\t<span class=\"elementor-button-content-wrapper\">\n\t\t\t\t\t\t\t\t\t<span class=\"elementor-button-text\">Mehr Informationen<\/span>\n\t\t\t\t\t<\/span>\n\t\t\t\t\t<\/a>\n\t\t\t\t\t\t\t\t<\/div>\n\t\t\t\t<\/div>\n\t\t<div class=\"elementor-element elementor-element-6b51704 e-con-full e-flex wpr-particle-no wpr-jarallax-no wpr-parallax-no wpr-sticky-section-no e-con e-child\" data-id=\"6b51704\" data-element_type=\"container\" data-e-type=\"container\">\n\t\t\t\t<div class=\"elementor-element elementor-element-779f0e7 elementor-widget elementor-widget-image\" data-id=\"779f0e7\" data-element_type=\"widget\" data-e-type=\"widget\" data-widget_type=\"image.default\">\n\t\t\t\t\t\t\t\t\t\t\t\t\t\t\t<img decoding=\"async\" src=\"https:\/\/ffschwandorf.de\/wp-content\/uploads\/2025\/03\/481214152_626762376746578_5473940823962511153_n.jpg\" title=\"\" alt=\"\" loading=\"lazy\" \/>\t\t\t\t\t\t\t\t\t\t\t\t\t\t\t<\/div>\n\t\t\t\t<div class=\"elementor-element elementor-element-bd78e18 elementor-widget elementor-widget-text-editor\" data-id=\"bd78e18\" data-element_type=\"widget\" data-e-type=\"widget\" data-widget_type=\"text-editor.default\">\n\t\t\t\t\t\t\t\t\t<p>Mehr Beitr\u00e4ge \u00fcber die Kinderfeuerwehr<\/p>\t\t\t\t\t\t\t\t<\/div>\n\t\t\t\t<div class=\"elementor-element elementor-element-3716b40 elementor-align-center elementor-widget elementor-widget-button\" data-id=\"3716b40\" data-element_type=\"widget\" data-e-type=\"widget\" data-widget_type=\"button.default\">\n\t\t\t\t\t\t\t\t\t\t<a class=\"elementor-button elementor-button-link elementor-size-sm\" href=\"https:\/\/ffschwandorf.de\/beitraege-kinderfeuerwehr\/\">\n\t\t\t\t\t\t<span class=\"elementor-button-content-wrapper\">\n\t\t\t\t\t\t\t\t\t<span class=\"elementor-button-text\">Mehr Informationen<\/span>\n\t\t\t\t\t<\/span>\n\t\t\t\t\t<\/a>\n\t\t\t\t\t\t\t\t<\/div>\n\t\t\t\t<\/div>\n\t\t\t\t\t<\/div>\n\t\t\t\t<\/div>\n\t\t<div class=\"elementor-element elementor-element-76e0513 e-flex e-con-boxed wpr-particle-no wpr-jarallax-no wpr-parallax-no wpr-sticky-section-no e-con e-parent\" data-id=\"76e0513\" data-element_type=\"container\" data-e-type=\"container\">\n\t\t\t\t\t<div class=\"e-con-inner\">\n\t\t\t\t<div class=\"elementor-element elementor-element-ca31e6e elementor-widget elementor-widget-heading\" data-id=\"ca31e6e\" data-element_type=\"widget\" data-e-type=\"widget\" data-widget_type=\"heading.default\">\n\t\t\t\t\t<h2 class=\"elementor-heading-title elementor-size-default\">Neueste Beitrage aus der Kinderfeuerwehr <\/h2>\t\t\t\t<\/div>\n\t\t\t\t<div class=\"elementor-element elementor-element-13ebcf4 elementor-grid-3 elementor-grid-tablet-2 elementor-grid-mobile-1 elementor-widget elementor-widget-portfolio\" data-id=\"13ebcf4\" data-element_type=\"widget\" data-e-type=\"widget\" data-settings=\"{&quot;row_gap&quot;:{&quot;unit&quot;:&quot;px&quot;,&quot;size&quot;:20,&quot;sizes&quot;:[]},&quot;columns&quot;:&quot;3&quot;,&quot;columns_tablet&quot;:&quot;2&quot;,&quot;columns_mobile&quot;:&quot;1&quot;,&quot;item_ratio&quot;:{&quot;unit&quot;:&quot;px&quot;,&quot;size&quot;:0.66,&quot;sizes&quot;:[]},&quot;item_gap&quot;:{&quot;unit&quot;:&quot;px&quot;,&quot;size&quot;:&quot;&quot;,&quot;sizes&quot;:[]}}\" data-widget_type=\"portfolio.default\">\n\t\t\t\t<div class=\"elementor-widget-container\">\n\t\t\t\t\t\t\t<div class=\"elementor-portfolio elementor-grid elementor-posts-container\" role=\"list\">\n\t\t\t\t<article class=\"elementor-portfolio-item elementor-post  post-3793 post type-post status-publish format-standard has-post-thumbnail hentry category-allgemein category-kf\" role=\"listitem\">\n\t\t\t<a class=\"elementor-post__thumbnail__link\" href=\"https:\/\/feuerwehr-schwandorf.de\/?p=3793\">\n\t\t\t\t<div class=\"elementor-portfolio-item__img elementor-post__thumbnail\">\n\t\t\t<img decoding=\"async\" width=\"263\" height=\"300\" src=\"https:\/\/feuerwehr-schwandorf.de\/wp-content\/uploads\/2026\/01\/Jfw-scaled-1-263x300.jpg\" class=\"attachment-medium size-medium wp-image-4058\" alt=\"\" srcset=\"https:\/\/feuerwehr-schwandorf.de\/wp-content\/uploads\/2026\/01\/Jfw-scaled-1-263x300.jpg 263w, https:\/\/feuerwehr-schwandorf.de\/wp-content\/uploads\/2026\/01\/Jfw-scaled-1-898x1024.jpg 898w, https:\/\/feuerwehr-schwandorf.de\/wp-content\/uploads\/2026\/01\/Jfw-scaled-1-768x875.jpg 768w, https:\/\/feuerwehr-schwandorf.de\/wp-content\/uploads\/2026\/01\/Jfw-scaled-1-1348x1536.jpg 1348w, https:\/\/feuerwehr-schwandorf.de\/wp-content\/uploads\/2026\/01\/Jfw-scaled-1-1797x2048.jpg 1797w\" sizes=\"(max-width: 263px) 100vw, 263px\" \/>\t\t<\/div>\n\t\t\t\t<div class=\"elementor-portfolio-item__overlay\">\n\t\t\t\t<h3 class=\"elementor-portfolio-item__title\">\n\t\tVon der Kinder- zur Jugendfeuerwehr\t\t<\/h3>\n\t\t\t\t<\/div>\n\t\t\t\t<\/a>\n\t\t<\/article>\n\t\t\t\t<article class=\"elementor-portfolio-item elementor-post  post-1860 post type-post status-publish format-standard has-post-thumbnail hentry category-allgemein category-jf category-kf category-verein\" role=\"listitem\">\n\t\t\t<a class=\"elementor-post__thumbnail__link\" href=\"https:\/\/feuerwehr-schwandorf.de\/?p=1860\">\n\t\t\t\t<div class=\"elementor-portfolio-item__img elementor-post__thumbnail\">\n\t\t\t\t\t<\/div>\n\t\t\t\t<div class=\"elementor-portfolio-item__overlay\">\n\t\t\t\t<h3 class=\"elementor-portfolio-item__title\">\n\t\t41. Sommernachtsfest\t\t<\/h3>\n\t\t\t\t<\/div>\n\t\t\t\t<\/a>\n\t\t<\/article>\n\t\t\t\t<article class=\"elementor-portfolio-item elementor-post  post-1267 post type-post status-publish format-standard has-post-thumbnail hentry category-kf\" role=\"listitem\">\n\t\t\t<a class=\"elementor-post__thumbnail__link\" href=\"https:\/\/feuerwehr-schwandorf.de\/?p=1267\">\n\t\t\t\t<div class=\"elementor-portfolio-item__img elementor-post__thumbnail\">\n\t\t\t<img decoding=\"async\" width=\"300\" height=\"135\" src=\"https:\/\/feuerwehr-schwandorf.de\/wp-content\/uploads\/2025\/02\/IMG_20220509_163634-300x135.jpg\" class=\"attachment-medium size-medium wp-image-1268\" alt=\"\" srcset=\"https:\/\/feuerwehr-schwandorf.de\/wp-content\/uploads\/2025\/02\/IMG_20220509_163634-300x135.jpg 300w, https:\/\/feuerwehr-schwandorf.de\/wp-content\/uploads\/2025\/02\/IMG_20220509_163634-1024x461.jpg 1024w, https:\/\/feuerwehr-schwandorf.de\/wp-content\/uploads\/2025\/02\/IMG_20220509_163634-768x346.jpg 768w, https:\/\/feuerwehr-schwandorf.de\/wp-content\/uploads\/2025\/02\/IMG_20220509_163634-1536x691.jpg 1536w, https:\/\/feuerwehr-schwandorf.de\/wp-content\/uploads\/2025\/02\/IMG_20220509_163634.jpg 1667w\" sizes=\"(max-width: 300px) 100vw, 300px\" \/>\t\t<\/div>\n\t\t\t\t<div class=\"elementor-portfolio-item__overlay\">\n\t\t\t\t<h3 class=\"elementor-portfolio-item__title\">\n\t\tSpende f\u00fcr die Kinderfeuerwehr\t\t<\/h3>\n\t\t\t\t<\/div>\n\t\t\t\t<\/a>\n\t\t<\/article>\n\t\t\t\t<article class=\"elementor-portfolio-item elementor-post  post-1263 post type-post status-publish format-standard has-post-thumbnail hentry category-kf\" role=\"listitem\">\n\t\t\t<a class=\"elementor-post__thumbnail__link\" href=\"https:\/\/feuerwehr-schwandorf.de\/?p=1263\">\n\t\t\t\t<div class=\"elementor-portfolio-item__img elementor-post__thumbnail\">\n\t\t\t<img loading=\"lazy\" decoding=\"async\" width=\"300\" height=\"182\" src=\"https:\/\/feuerwehr-schwandorf.de\/wp-content\/uploads\/2025\/02\/Logo-300x182.jpg\" class=\"attachment-medium size-medium wp-image-1264\" alt=\"\" srcset=\"https:\/\/feuerwehr-schwandorf.de\/wp-content\/uploads\/2025\/02\/Logo-300x182.jpg 300w, https:\/\/feuerwehr-schwandorf.de\/wp-content\/uploads\/2025\/02\/Logo-768x466.jpg 768w, https:\/\/feuerwehr-schwandorf.de\/wp-content\/uploads\/2025\/02\/Logo.jpg 800w\" sizes=\"(max-width: 300px) 100vw, 300px\" \/>\t\t<\/div>\n\t\t\t\t<div class=\"elementor-portfolio-item__overlay\">\n\t\t\t\t<h3 class=\"elementor-portfolio-item__title\">\n\t\tKinderfeuerwehr &#8211; Infos f\u00fcr die Eltern\t\t<\/h3>\n\t\t\t\t<\/div>\n\t\t\t\t<\/a>\n\t\t<\/article>\n\t\t\t\t<article class=\"elementor-portfolio-item elementor-post  post-1233 post type-post status-publish format-standard has-post-thumbnail hentry category-kf\" role=\"listitem\">\n\t\t\t<a class=\"elementor-post__thumbnail__link\" href=\"https:\/\/feuerwehr-schwandorf.de\/?p=1233\">\n\t\t\t\t<div class=\"elementor-portfolio-item__img elementor-post__thumbnail\">\n\t\t\t\t\t<\/div>\n\t\t\t\t<div class=\"elementor-portfolio-item__overlay\">\n\t\t\t\t<h3 class=\"elementor-portfolio-item__title\">\n\t\tGr\u00fcndung Kinderfeuerwehr\t\t<\/h3>\n\t\t\t\t<\/div>\n\t\t\t\t<\/a>\n\t\t<\/article>\n\t\t\t\t<\/div>\n\t\t\t\t\t\t<\/div>\n\t\t\t\t<\/div>\n\t\t\t\t\t<\/div>\n\t\t\t\t<\/div>\n\t\t\t\t<\/div>\n\t\t","protected":false},"excerpt":{"rendered":"<p>Hier findest du mehr Informationen \u00fcber die Betreuer der Kinderfeuerwehr Schwandorf Mehr Informationen Fr\u00fch \u00fcbt sich, wer ein Meister werden will! \u00a0Bereits die kleinsten lernen bei uns mit viel Spa\u00df einiges \u00fcber den Brandschutz. Mehr informationen findet ihr hier\u00a0 Mehr Informationen Mehr Beitr\u00e4ge \u00fcber die Kinderfeuerwehr Mehr Informationen Neueste Beitrage aus der Kinderfeuerwehr<\/p>\n","protected":false},"author":1,"featured_media":0,"parent":0,"menu_order":0,"comment_status":"closed","ping_status":"closed","template":"","meta":{"footnotes":""},"class_list":["post-1190","page","type-page","status-publish","hentry"],"_links":{"self":[{"href":"https:\/\/feuerwehr-schwandorf.de\/index.php?rest_route=\/wp\/v2\/pages\/1190","targetHints":{"allow":["GET"]}}],"collection":[{"href":"https:\/\/feuerwehr-schwandorf.de\/index.php?rest_route=\/wp\/v2\/pages"}],"about":[{"href":"https:\/\/feuerwehr-schwandorf.de\/index.php?rest_route=\/wp\/v2\/types\/page"}],"author":[{"embeddable":true,"href":"https:\/\/feuerwehr-schwandorf.de\/index.php?rest_route=\/wp\/v2\/users\/1"}],"replies":[{"embeddable":true,"href":"https:\/\/feuerwehr-schwandorf.de\/index.php?rest_route=%2Fwp%2Fv2%2Fcomments&post=1190"}],"version-history":[{"count":3,"href":"https:\/\/feuerwehr-schwandorf.de\/index.php?rest_route=\/wp\/v2\/pages\/1190\/revisions"}],"predecessor-version":[{"id":4070,"href":"https:\/\/feuerwehr-schwandorf.de\/index.php?rest_route=\/wp\/v2\/pages\/1190\/revisions\/4070"}],"wp:attachment":[{"href":"https:\/\/feuerwehr-schwandorf.de\/index.php?rest_route=%2Fwp%2Fv2%2Fmedia&parent=1190"}],"curies":[{"name":"wp","href":"https:\/\/api.w.org\/{rel}","templated":true}]}}