{"id":1276,"date":"2025-03-08T22:02:24","date_gmt":"2025-03-08T21:02:24","guid":{"rendered":"https:\/\/ffschwandorf.de\/?page_id=1276"},"modified":"2026-03-02T22:01:40","modified_gmt":"2026-03-02T22:01:40","slug":"verein","status":"publish","type":"page","link":"https:\/\/feuerwehr-schwandorf.de\/?page_id=1276","title":{"rendered":"Verein"},"content":{"rendered":"\t\t<div data-elementor-type=\"wp-page\" data-elementor-id=\"1276\" class=\"elementor elementor-1276\" data-elementor-post-type=\"page\">\n\t\t\t\t<div class=\"elementor-element elementor-element-f7767b8 e-flex e-con-boxed wpr-particle-no wpr-jarallax-no wpr-parallax-no wpr-sticky-section-no e-con e-parent\" data-id=\"f7767b8\" data-element_type=\"container\" data-e-type=\"container\">\n\t\t\t\t\t<div class=\"e-con-inner\">\n\t\t\t\t<div class=\"elementor-element elementor-element-819f2e5 elementor-widget elementor-widget-heading\" data-id=\"819f2e5\" data-element_type=\"widget\" data-e-type=\"widget\" data-widget_type=\"heading.default\">\n\t\t\t\t\t<h2 class=\"elementor-heading-title elementor-size-default\">News aus dem Verein<\/h2>\t\t\t\t<\/div>\n\t\t\t\t\t<\/div>\n\t\t\t\t<\/div>\n\t\t<div class=\"elementor-element elementor-element-45c2dd4 e-flex e-con-boxed wpr-particle-no wpr-jarallax-no wpr-parallax-no wpr-sticky-section-no e-con e-parent\" data-id=\"45c2dd4\" data-element_type=\"container\" data-e-type=\"container\">\n\t\t\t\t\t<div class=\"e-con-inner\">\n\t\t\t\t<div class=\"elementor-element elementor-element-03d6f53 elementor-posts--align-left elementor-grid-3 elementor-grid-tablet-2 elementor-grid-mobile-1 elementor-posts--thumbnail-top elementor-widget elementor-widget-posts\" data-id=\"03d6f53\" data-element_type=\"widget\" data-e-type=\"widget\" data-settings=\"{&quot;classic_row_gap&quot;:{&quot;unit&quot;:&quot;px&quot;,&quot;size&quot;:45,&quot;sizes&quot;:[]},&quot;pagination_type&quot;:&quot;numbers&quot;,&quot;classic_columns&quot;:&quot;3&quot;,&quot;classic_columns_tablet&quot;:&quot;2&quot;,&quot;classic_columns_mobile&quot;:&quot;1&quot;,&quot;classic_row_gap_tablet&quot;:{&quot;unit&quot;:&quot;px&quot;,&quot;size&quot;:&quot;&quot;,&quot;sizes&quot;:[]},&quot;classic_row_gap_mobile&quot;:{&quot;unit&quot;:&quot;px&quot;,&quot;size&quot;:&quot;&quot;,&quot;sizes&quot;:[]}}\" data-widget_type=\"posts.classic\">\n\t\t\t\t<div class=\"elementor-widget-container\">\n\t\t\t\t\t\t\t<div class=\"elementor-posts-container elementor-posts elementor-posts--skin-classic elementor-grid\" role=\"list\">\n\t\t\t\t<article class=\"elementor-post elementor-grid-item post-3979 post type-post status-publish format-standard has-post-thumbnail hentry category-verein\" role=\"listitem\">\n\t\t\t\t<a class=\"elementor-post__thumbnail__link\" href=\"https:\/\/feuerwehr-schwandorf.de\/?p=3979\" tabindex=\"-1\" >\n\t\t\t<div class=\"elementor-post__thumbnail\"><img fetchpriority=\"high\" decoding=\"async\" width=\"300\" height=\"226\" src=\"https:\/\/feuerwehr-schwandorf.de\/wp-content\/uploads\/2026\/02\/Screenshot-3-1-1-300x226.png\" class=\"attachment-medium size-medium wp-image-4066\" alt=\"\" srcset=\"https:\/\/feuerwehr-schwandorf.de\/wp-content\/uploads\/2026\/02\/Screenshot-3-1-1-300x226.png 300w, https:\/\/feuerwehr-schwandorf.de\/wp-content\/uploads\/2026\/02\/Screenshot-3-1-1-1024x770.png 1024w, https:\/\/feuerwehr-schwandorf.de\/wp-content\/uploads\/2026\/02\/Screenshot-3-1-1-768x578.png 768w, https:\/\/feuerwehr-schwandorf.de\/wp-content\/uploads\/2026\/02\/Screenshot-3-1-1-1536x1155.png 1536w, https:\/\/feuerwehr-schwandorf.de\/wp-content\/uploads\/2026\/02\/Screenshot-3-1-1-2048x1540.png 2048w\" sizes=\"(max-width: 300px) 100vw, 300px\" \/><\/div>\n\t\t<\/a>\n\t\t\t\t<div class=\"elementor-post__text\">\n\t\t\t\t<h3 class=\"elementor-post__title\">\n\t\t\t<a href=\"https:\/\/feuerwehr-schwandorf.de\/?p=3979\" >\n\t\t\t\tJahreshauptversammlung\t\t\t<\/a>\n\t\t<\/h3>\n\t\t\t\t<div class=\"elementor-post__excerpt\">\n\t\t\t<p>Einladung zur Jahreshauptversammlung f\u00fcr alle Mitglieder der Freiwilligen Feuerwehr Schwandorf e.V. &nbsp; Wann:\u00a0 Freitag, den 27.03.2026 Beginn: 18:30 Uhr Ort: Tierzuchtzentrum Schwandorf Hoher-Bogen-Stra\u00dfe 10, 92421<\/p>\n\t\t<\/div>\n\t\t\n\t\t<a class=\"elementor-post__read-more\" href=\"https:\/\/feuerwehr-schwandorf.de\/?p=3979\" aria-label=\"Mehr \u00fcber Jahreshauptversammlung\" tabindex=\"-1\" >\n\t\t\tWeiterlesen \u00bb\t\t<\/a>\n\n\t\t\t\t<\/div>\n\t\t\t\t<\/article>\n\t\t\t\t<article class=\"elementor-post elementor-grid-item post-3727 post type-post status-publish format-standard has-post-thumbnail hentry category-allgemein category-verein\" role=\"listitem\">\n\t\t\t\t<div class=\"elementor-post__text\">\n\t\t\t\t<h3 class=\"elementor-post__title\">\n\t\t\t<a href=\"https:\/\/feuerwehr-schwandorf.de\/?p=3727\" >\n\t\t\t\tWinterparty\t\t\t<\/a>\n\t\t<\/h3>\n\t\t\t\t<div class=\"elementor-post__excerpt\">\n\t\t\t<p>Am 17. Januar 2026 fand die interne Winterparty der Feuerwehr Schwandorf statt. In gem\u00fctlicher Winteratmosph\u00e4re kamen die Kameradinnen und Kameraden zusammen, um einen geselligen Abend<\/p>\n\t\t<\/div>\n\t\t\n\t\t<a class=\"elementor-post__read-more\" href=\"https:\/\/feuerwehr-schwandorf.de\/?p=3727\" aria-label=\"Mehr \u00fcber Winterparty\" tabindex=\"-1\" >\n\t\t\tWeiterlesen \u00bb\t\t<\/a>\n\n\t\t\t\t<\/div>\n\t\t\t\t<\/article>\n\t\t\t\t<article class=\"elementor-post elementor-grid-item post-3706 post type-post status-publish format-standard has-post-thumbnail hentry category-allgemein category-verein\" role=\"listitem\">\n\t\t\t\t<div class=\"elementor-post__text\">\n\t\t\t\t<h3 class=\"elementor-post__title\">\n\t\t\t<a href=\"https:\/\/feuerwehr-schwandorf.de\/?p=3706\" >\n\t\t\t\tEhrenmitglied feiert 75. Geburtstag\t\t\t<\/a>\n\t\t<\/h3>\n\t\t\t\t<div class=\"elementor-post__excerpt\">\n\t\t\t<p>Unser Ehrenmitglied, Hans Andree, feierte vor kurzem seinen 75. Geburtstag. Hierzu gratulierten neben den Vorst\u00e4nden und den Kommandanten auch unsere &#8222;Alten Herren&#8220;. Bei einem gemeinsamen<\/p>\n\t\t<\/div>\n\t\t\n\t\t<a class=\"elementor-post__read-more\" href=\"https:\/\/feuerwehr-schwandorf.de\/?p=3706\" aria-label=\"Mehr \u00fcber Ehrenmitglied feiert 75. Geburtstag\" tabindex=\"-1\" >\n\t\t\tWeiterlesen \u00bb\t\t<\/a>\n\n\t\t\t\t<\/div>\n\t\t\t\t<\/article>\n\t\t\t\t<article class=\"elementor-post elementor-grid-item post-1890 post type-post status-publish format-standard has-post-thumbnail hentry category-allgemein category-verein\" role=\"listitem\">\n\t\t\t\t<div class=\"elementor-post__text\">\n\t\t\t\t<h3 class=\"elementor-post__title\">\n\t\t\t<a href=\"https:\/\/feuerwehr-schwandorf.de\/?p=1890\" >\n\t\t\t\tAusfahrt Drehleitern\t\t\t<\/a>\n\t\t<\/h3>\n\t\t\t\t<div class=\"elementor-post__excerpt\">\n\t\t\t<p>Ausfahrt unserer Drehleitern Am Mittwoch waren wir zur Br\u00fcckener\u00f6ffnung eingeladen, um mit unseren vier Fahrzeugen \u00fcber die neu gebauten Br\u00fccken zu fahren.<\/p>\n\t\t<\/div>\n\t\t\n\t\t<a class=\"elementor-post__read-more\" href=\"https:\/\/feuerwehr-schwandorf.de\/?p=1890\" aria-label=\"Mehr \u00fcber Ausfahrt Drehleitern\" tabindex=\"-1\" >\n\t\t\tWeiterlesen \u00bb\t\t<\/a>\n\n\t\t\t\t<\/div>\n\t\t\t\t<\/article>\n\t\t\t\t<article class=\"elementor-post elementor-grid-item post-1860 post type-post status-publish format-standard has-post-thumbnail hentry category-allgemein category-jf category-kf category-verein\" role=\"listitem\">\n\t\t\t\t<div class=\"elementor-post__text\">\n\t\t\t\t<h3 class=\"elementor-post__title\">\n\t\t\t<a href=\"https:\/\/feuerwehr-schwandorf.de\/?p=1860\" >\n\t\t\t\t41. Sommernachtsfest\t\t\t<\/a>\n\t\t<\/h3>\n\t\t\t\t<div class=\"elementor-post__excerpt\">\n\t\t\t<p>Vielen Dank an alle Besucher und vor allem unseren Helfern, welche zum Gelingen beigetragen haben.\u00a0 Ein spezieller Dank geht an die Feuerwehr Neuenkirchen aus Niedersachsen<\/p>\n\t\t<\/div>\n\t\t\n\t\t<a class=\"elementor-post__read-more\" href=\"https:\/\/feuerwehr-schwandorf.de\/?p=1860\" aria-label=\"Mehr \u00fcber 41. Sommernachtsfest\" tabindex=\"-1\" >\n\t\t\tWeiterlesen \u00bb\t\t<\/a>\n\n\t\t\t\t<\/div>\n\t\t\t\t<\/article>\n\t\t\t\t<article class=\"elementor-post elementor-grid-item post-1680 post type-post status-publish format-standard has-post-thumbnail hentry category-ffw category-verein\" role=\"listitem\">\n\t\t\t\t<div class=\"elementor-post__text\">\n\t\t\t\t<h3 class=\"elementor-post__title\">\n\t\t\t<a href=\"https:\/\/feuerwehr-schwandorf.de\/?p=1680\" >\n\t\t\t\tSenioren erkunden die Feuerwehr\t\t\t<\/a>\n\t\t<\/h3>\n\t\t\t\t<div class=\"elementor-post__excerpt\">\n\t\t\t<p>Unter dem Beisein von f\u00fcnf Pflegerinnen und der Pflegedienstleiterin Frau Seidel besuchten die Bewohner des Marienheims die Feuerwehr Schwandorf. Die F\u00fchrung der Senioren \u00fcbernahmen f\u00fcnf<\/p>\n\t\t<\/div>\n\t\t\n\t\t<a class=\"elementor-post__read-more\" href=\"https:\/\/feuerwehr-schwandorf.de\/?p=1680\" aria-label=\"Mehr \u00fcber Senioren erkunden die Feuerwehr\" tabindex=\"-1\" >\n\t\t\tWeiterlesen \u00bb\t\t<\/a>\n\n\t\t\t\t<\/div>\n\t\t\t\t<\/article>\n\t\t\t\t<\/div>\n\t\t\n\t\t\t\t<div class=\"e-load-more-anchor\" data-page=\"1\" data-max-page=\"2\" data-next-page=\"https:\/\/feuerwehr-schwandorf.de\/index.php?rest_route=%2Fwp%2Fv2%2Fpages%2F1276&#038;paged=2\"><\/div>\n\t\t\t\t<nav class=\"elementor-pagination\" aria-label=\"Seitennummerierung\">\n\t\t\t<span aria-current=\"page\" class=\"page-numbers current\"><span class=\"elementor-screen-only\">Seite<\/span>1<\/span>\n<a class=\"page-numbers\" href=\"https:\/\/feuerwehr-schwandorf.de\/index.php\/?paged=2\"><span class=\"elementor-screen-only\">Seite<\/span>2<\/a>\t\t<\/nav>\n\t\t\t\t\t\t<\/div>\n\t\t\t\t<\/div>\n\t\t\t\t\t<\/div>\n\t\t\t\t<\/div>\n\t\t\t\t<\/div>\n\t\t","protected":false},"excerpt":{"rendered":"<p>News aus dem Verein<\/p>\n","protected":false},"author":1,"featured_media":0,"parent":0,"menu_order":0,"comment_status":"closed","ping_status":"closed","template":"","meta":{"footnotes":""},"class_list":["post-1276","page","type-page","status-publish","hentry"],"_links":{"self":[{"href":"https:\/\/feuerwehr-schwandorf.de\/index.php?rest_route=\/wp\/v2\/pages\/1276","targetHints":{"allow":["GET"]}}],"collection":[{"href":"https:\/\/feuerwehr-schwandorf.de\/index.php?rest_route=\/wp\/v2\/pages"}],"about":[{"href":"https:\/\/feuerwehr-schwandorf.de\/index.php?rest_route=\/wp\/v2\/types\/page"}],"author":[{"embeddable":true,"href":"https:\/\/feuerwehr-schwandorf.de\/index.php?rest_route=\/wp\/v2\/users\/1"}],"replies":[{"embeddable":true,"href":"https:\/\/feuerwehr-schwandorf.de\/index.php?rest_route=%2Fwp%2Fv2%2Fcomments&post=1276"}],"version-history":[{"count":3,"href":"https:\/\/feuerwehr-schwandorf.de\/index.php?rest_route=\/wp\/v2\/pages\/1276\/revisions"}],"predecessor-version":[{"id":4073,"href":"https:\/\/feuerwehr-schwandorf.de\/index.php?rest_route=\/wp\/v2\/pages\/1276\/revisions\/4073"}],"wp:attachment":[{"href":"https:\/\/feuerwehr-schwandorf.de\/index.php?rest_route=%2Fwp%2Fv2%2Fmedia&parent=1276"}],"curies":[{"name":"wp","href":"https:\/\/api.w.org\/{rel}","templated":true}]}}