{"id":1323,"date":"2025-03-08T22:59:20","date_gmt":"2025-03-08T21:59:20","guid":{"rendered":"https:\/\/ffschwandorf.de\/?page_id=1323"},"modified":"2025-03-08T22:59:20","modified_gmt":"2025-03-08T21:59:20","slug":"partnerverin","status":"publish","type":"page","link":"https:\/\/feuerwehr-schwandorf.de\/?page_id=1323","title":{"rendered":"Patenverein"},"content":{"rendered":"\t\t<div data-elementor-type=\"wp-page\" data-elementor-id=\"1323\" class=\"elementor elementor-1323\" data-elementor-post-type=\"page\">\n\t\t\t\t<div class=\"elementor-element elementor-element-f9e41bb e-flex e-con-boxed wpr-particle-no wpr-jarallax-no wpr-parallax-no wpr-sticky-section-no e-con e-parent\" data-id=\"f9e41bb\" data-element_type=\"container\" data-e-type=\"container\">\n\t\t\t\t\t<div class=\"e-con-inner\">\n\t\t<div class=\"elementor-element elementor-element-6c0402a e-con-full e-flex wpr-particle-no wpr-jarallax-no wpr-parallax-no wpr-sticky-section-no e-con e-child\" data-id=\"6c0402a\" data-element_type=\"container\" data-e-type=\"container\">\n\t\t\t\t<div class=\"elementor-element elementor-element-3ad9fc1 elementor-widget elementor-widget-image\" data-id=\"3ad9fc1\" data-element_type=\"widget\" data-e-type=\"widget\" data-widget_type=\"image.default\">\n\t\t\t\t\t\t\t\t\t\t\t\t\t\t\t<img fetchpriority=\"high\" decoding=\"async\" width=\"308\" height=\"386\" src=\"https:\/\/feuerwehr-schwandorf.de\/wp-content\/uploads\/2025\/03\/Korpsabzeichen_Kstendorf.png\" class=\"attachment-large size-large wp-image-1326\" alt=\"\" srcset=\"https:\/\/feuerwehr-schwandorf.de\/wp-content\/uploads\/2025\/03\/Korpsabzeichen_Kstendorf.png 308w, https:\/\/feuerwehr-schwandorf.de\/wp-content\/uploads\/2025\/03\/Korpsabzeichen_Kstendorf-239x300.png 239w\" sizes=\"(max-width: 308px) 100vw, 308px\" \/>\t\t\t\t\t\t\t\t\t\t\t\t\t\t\t<\/div>\n\t\t\t\t<\/div>\n\t\t<div class=\"elementor-element elementor-element-9ecb91b e-con-full e-flex wpr-particle-no wpr-jarallax-no wpr-parallax-no wpr-sticky-section-no e-con e-child\" data-id=\"9ecb91b\" data-element_type=\"container\" data-e-type=\"container\">\n\t\t\t\t<div class=\"elementor-element elementor-element-a9bc568 elementor-widget elementor-widget-heading\" data-id=\"a9bc568\" data-element_type=\"widget\" data-e-type=\"widget\" data-widget_type=\"heading.default\">\n\t\t\t\t\t<h2 class=\"elementor-heading-title elementor-size-default\"> Patenschaft mit der  FF K\u00f6stendorf  <\/h2>\t\t\t\t<\/div>\n\t\t\t\t<\/div>\n\t\t<div class=\"elementor-element elementor-element-caf30b6 e-con-full e-flex wpr-particle-no wpr-jarallax-no wpr-parallax-no wpr-sticky-section-no e-con e-child\" data-id=\"caf30b6\" data-element_type=\"container\" data-e-type=\"container\">\n\t\t\t\t<div class=\"elementor-element elementor-element-54dee6b elementor-widget elementor-widget-image\" data-id=\"54dee6b\" data-element_type=\"widget\" data-e-type=\"widget\" data-widget_type=\"image.default\">\n\t\t\t\t\t\t\t\t\t\t\t\t\t\t\t<img decoding=\"async\" width=\"152\" height=\"191\" src=\"https:\/\/feuerwehr-schwandorf.de\/wp-content\/uploads\/2025\/03\/Wappen_at_koestendorf.png\" class=\"attachment-large size-large wp-image-1325\" alt=\"\" \/>\t\t\t\t\t\t\t\t\t\t\t\t\t\t\t<\/div>\n\t\t\t\t<\/div>\n\t\t\t\t\t<\/div>\n\t\t\t\t<\/div>\n\t\t<div class=\"elementor-element elementor-element-746e7cf e-flex e-con-boxed wpr-particle-no wpr-jarallax-no wpr-parallax-no wpr-sticky-section-no e-con e-parent\" data-id=\"746e7cf\" data-element_type=\"container\" data-e-type=\"container\">\n\t\t\t\t\t<div class=\"e-con-inner\">\n\t\t\t\t<div class=\"elementor-element elementor-element-ef02f28 elementor-widget elementor-widget-text-editor\" data-id=\"ef02f28\" data-element_type=\"widget\" data-e-type=\"widget\" data-widget_type=\"text-editor.default\">\n\t\t\t\t\t\t\t\t\t<p>Die Verbundenheit beider Wehren geht auf das Jahr 1924 zur\u00fcck. Die Patenschaft hat einen humanit\u00e4ren Grund und entstand nach dem Ersten Weltkrieg. Damals startete die FF K\u00f6stendorf eine Hilfsaktion f\u00fcr 160 bed\u00fcrftige Kinder aus Schwandorf.<\/p><p>Sie kamen in Gruppen, wurden in der Gemeinde K\u00f6stendorf in Familien aufgenommen, verk\u00f6stigt und versorgt \u2013 einige besuchten auch die Volksschule und manche blieben sogar f\u00fcr immer dort. So zum Beispiel eine geborene Barbara Neuer, die es mit 18 Jahren wieder nach K\u00f6stendorf zog und zwei Jahre sp\u00e4ter heiratete.<\/p><p>Am 6. Januar 1924 wurden 31 Kinder von Schwandorfer Feuerwehrleuten nach K\u00f6stendorf geschickt und f\u00fcr ein halbes Jahr aufgenommen. Anfang M\u00e4rz folgten weitere 15 Kinder. Am 14. Juli 1924 kamen alle gesund und reichlich ausgestattet wieder nach Hause.<\/p><p>Im n\u00e4chsten Jahr beschlossen die Feuerwehren der beiden Gemeinden, die einmal gekn\u00fcpften Bande nicht mehr abrei\u00dfen zu lassen. Dies ist bis heute gegl\u00fcckt. Mehrere gegenseitige Besuche beweisen dies.<\/p><p>Initiator auf Schwandorfer Seite war der Bahnhofswirt Johann Einmayr, von 1919 bis 1933 Vorstand der Feuerwehr. 1925 wurde die Patenschaft der beiden Feuerwehren beschlossen.<\/p><p>Am 06. und 07. Juni 1925 beging die Schwandorfer Wehr ihr 60-j\u00e4hriges Stiftungsfest mit Standartenweihe. Als Patenverein fungierte die Freiwillige Feuerwehr K\u00f6stendorf aus \u00d6sterreich.<\/p><p>Beim 25-j\u00e4hrigen Bestandsjubil\u00e4um\u00a0 der FF K\u00f6stendorf im Jahr 1926 waren erstmals zahlreiche Mitglieder der Feuerwehr Schwandorf in K\u00f6stendorf bei dem Fest anwesend. Wiederholt wurde die Teilnahme zum 50-j\u00e4hrigen Jubil\u00e4um 1951.<\/p><p>Die Feierlichkeiten zur 90-Jahr-Feier der Schwandorf Wehr 1955 wurden am Samstag mit einem Festabend in der geschm\u00fcckten Turnhalle begonnen. Vor allem erfreute die Anwesenheit des Patenvereins K\u00f6stendorf aus \u00d6sterreich, der mit seiner Kapelle die helle Freude aller Besucher erweckte.<\/p><p>Auch zur 100-Jahrfeier der Schwandorfer benutzte Toni Santner vom Patenverein K\u00f6stendorf mit einer starken Abordnung die Gelegenheit, dem Patenverein Schwandorf zum 100. Geburtstag zu gratulieren.<\/p><p>Bis 1976 revanchierte sich die FF Schwandorf beim 75-j\u00e4hrigen Gr\u00fcndungsfest mit Fahnenweihe als Patenverein.<\/p><p>Weitere gegenseitige Besuche wie bei der Einweihung der neuen Feuerwache im Jahre 1984 oder dem 125-j\u00e4hrigen Jubil\u00e4um im Jahr 1990 folgten. So auch 1995 beim 130-j\u00e4hrigen Jubil\u00e4um oder dem 100-j\u00e4hrigen Jubil\u00e4um der FF K\u00f6stendorf.<\/p><p>Diese Patenschaft ist nun seit mehr als sieben Jahrzehnten aufrecht und<br \/>vor allem, da sie auf echter Freundschaft beruht. Durch die zahlreichen beiderseitigen Besuche bei den gr\u00f6\u00dferen Festen und Jubil\u00e4en wird sie immer wieder neu belebt. Es beteiligte sich jeweils eine gro\u00dfe Anzahl an Kameraden bei diesen<br \/>Ereignissen.<\/p>\t\t\t\t\t\t\t\t<\/div>\n\t\t\t\t\t<\/div>\n\t\t\t\t<\/div>\n\t\t<div class=\"elementor-element elementor-element-849cfc2 e-flex e-con-boxed wpr-particle-no wpr-jarallax-no wpr-parallax-no wpr-sticky-section-no e-con e-parent\" data-id=\"849cfc2\" data-element_type=\"container\" data-e-type=\"container\">\n\t\t\t\t\t<div class=\"e-con-inner\">\n\t\t\t\t<div class=\"elementor-element elementor-element-c41b03f elementor-widget elementor-widget-gallery\" data-id=\"c41b03f\" data-element_type=\"widget\" data-e-type=\"widget\" data-settings=\"{&quot;lazyload&quot;:&quot;yes&quot;,&quot;gallery_layout&quot;:&quot;grid&quot;,&quot;columns&quot;:4,&quot;columns_tablet&quot;:2,&quot;columns_mobile&quot;:1,&quot;gap&quot;:{&quot;unit&quot;:&quot;px&quot;,&quot;size&quot;:10,&quot;sizes&quot;:[]},&quot;gap_tablet&quot;:{&quot;unit&quot;:&quot;px&quot;,&quot;size&quot;:10,&quot;sizes&quot;:[]},&quot;gap_mobile&quot;:{&quot;unit&quot;:&quot;px&quot;,&quot;size&quot;:10,&quot;sizes&quot;:[]},&quot;link_to&quot;:&quot;file&quot;,&quot;aspect_ratio&quot;:&quot;3:2&quot;,&quot;overlay_background&quot;:&quot;yes&quot;,&quot;content_hover_animation&quot;:&quot;fade-in&quot;}\" data-widget_type=\"gallery.default\">\n\t\t\t\t\t\t\t<div class=\"elementor-gallery__container\">\n\t\t\t\t\t\t\t<a class=\"e-gallery-item elementor-gallery-item elementor-animated-content\" href=\"https:\/\/feuerwehr-schwandorf.de\/wp-content\/uploads\/2025\/03\/Patenbitten_Koestendorf_09_05_2015-195.jpg\" data-elementor-open-lightbox=\"yes\" data-elementor-lightbox-slideshow=\"c41b03f\" data-elementor-lightbox-title=\"Patenbitten K\u00f6stendorf\" data-e-action-hash=\"#elementor-action%3Aaction%3Dlightbox%26settings%3DeyJpZCI6MTUwOSwidXJsIjoiaHR0cHM6XC9cL2ZldWVyd2Voci1zY2h3YW5kb3JmLmRlXC93cC1jb250ZW50XC91cGxvYWRzXC8yMDI1XC8wM1wvUGF0ZW5iaXR0ZW5fS29lc3RlbmRvcmZfMDlfMDVfMjAxNS0xOTUuanBnIiwic2xpZGVzaG93IjoiYzQxYjAzZiJ9\">\n\t\t\t\t\t<div class=\"e-gallery-image elementor-gallery-item__image\" data-thumbnail=\"https:\/\/feuerwehr-schwandorf.de\/wp-content\/uploads\/2025\/03\/Patenbitten_Koestendorf_09_05_2015-195-300x200.jpg\" data-width=\"300\" data-height=\"200\" aria-label=\"\" role=\"img\" ><\/div>\n\t\t\t\t\t\t\t\t\t\t\t<div class=\"elementor-gallery-item__overlay\"><\/div>\n\t\t\t\t\t\t\t\t\t\t\t\t\t\t<\/a>\n\t\t\t\t\t<\/div>\n\t\t\t\t\t<\/div>\n\t\t\t\t\t<\/div>\n\t\t\t\t<\/div>\n\t\t\t\t<\/div>\n\t\t","protected":false},"excerpt":{"rendered":"<p>Patenschaft mit der FF K\u00f6stendorf Die Verbundenheit beider Wehren geht auf das Jahr 1924 zur\u00fcck. Die Patenschaft hat einen humanit\u00e4ren Grund und entstand nach dem Ersten Weltkrieg. Damals startete die FF K\u00f6stendorf eine Hilfsaktion f\u00fcr 160 bed\u00fcrftige Kinder aus Schwandorf. Sie kamen in Gruppen, wurden in der Gemeinde K\u00f6stendorf in Familien aufgenommen, verk\u00f6stigt und versorgt \u2013 einige besuchten auch die Volksschule und manche blieben sogar f\u00fcr immer dort. So zum Beispiel eine geborene Barbara Neuer, die es mit 18 Jahren wieder nach K\u00f6stendorf zog und zwei Jahre sp\u00e4ter heiratete. Am 6. Januar 1924 wurden 31 Kinder von Schwandorfer Feuerwehrleuten nach K\u00f6stendorf geschickt und f\u00fcr ein halbes Jahr aufgenommen. Anfang M\u00e4rz folgten weitere 15 Kinder. Am 14. Juli 1924 kamen alle gesund und reichlich ausgestattet wieder nach Hause. Im n\u00e4chsten Jahr beschlossen die Feuerwehren der beiden Gemeinden, die einmal gekn\u00fcpften Bande nicht mehr abrei\u00dfen zu lassen. Dies ist bis heute gegl\u00fcckt. Mehrere gegenseitige Besuche beweisen dies. Initiator auf Schwandorfer Seite war der Bahnhofswirt Johann Einmayr, von 1919 bis 1933 Vorstand der Feuerwehr. 1925 wurde die Patenschaft der beiden Feuerwehren beschlossen. Am 06. und 07. Juni 1925 beging die Schwandorfer Wehr ihr 60-j\u00e4hriges Stiftungsfest mit Standartenweihe. Als Patenverein fungierte die Freiwillige Feuerwehr K\u00f6stendorf aus \u00d6sterreich. Beim 25-j\u00e4hrigen Bestandsjubil\u00e4um\u00a0 der FF K\u00f6stendorf im Jahr 1926 waren erstmals zahlreiche Mitglieder der Feuerwehr Schwandorf in K\u00f6stendorf bei dem Fest anwesend. Wiederholt wurde die Teilnahme zum 50-j\u00e4hrigen Jubil\u00e4um 1951. Die Feierlichkeiten zur 90-Jahr-Feier der Schwandorf Wehr 1955 wurden am Samstag mit einem Festabend in der geschm\u00fcckten Turnhalle begonnen. Vor allem erfreute die Anwesenheit des Patenvereins K\u00f6stendorf aus \u00d6sterreich, der mit seiner Kapelle die helle Freude aller Besucher erweckte. Auch zur 100-Jahrfeier der Schwandorfer benutzte Toni Santner vom Patenverein K\u00f6stendorf mit einer starken Abordnung die Gelegenheit, dem Patenverein Schwandorf zum 100. Geburtstag zu gratulieren. Bis 1976 revanchierte sich die FF Schwandorf beim 75-j\u00e4hrigen Gr\u00fcndungsfest mit Fahnenweihe als Patenverein. Weitere gegenseitige Besuche wie bei der Einweihung der neuen Feuerwache im Jahre 1984 oder dem 125-j\u00e4hrigen Jubil\u00e4um im Jahr 1990 folgten. So auch 1995 beim 130-j\u00e4hrigen Jubil\u00e4um oder dem 100-j\u00e4hrigen Jubil\u00e4um der FF K\u00f6stendorf. Diese Patenschaft ist nun seit mehr als sieben Jahrzehnten aufrecht undvor allem, da sie auf echter Freundschaft beruht. Durch die zahlreichen beiderseitigen Besuche bei den gr\u00f6\u00dferen Festen und Jubil\u00e4en wird sie immer wieder neu belebt. Es beteiligte sich jeweils eine gro\u00dfe Anzahl an Kameraden bei diesenEreignissen.<\/p>\n","protected":false},"author":1,"featured_media":0,"parent":0,"menu_order":0,"comment_status":"closed","ping_status":"closed","template":"","meta":{"footnotes":""},"class_list":["post-1323","page","type-page","status-publish","hentry"],"_links":{"self":[{"href":"https:\/\/feuerwehr-schwandorf.de\/index.php?rest_route=\/wp\/v2\/pages\/1323","targetHints":{"allow":["GET"]}}],"collection":[{"href":"https:\/\/feuerwehr-schwandorf.de\/index.php?rest_route=\/wp\/v2\/pages"}],"about":[{"href":"https:\/\/feuerwehr-schwandorf.de\/index.php?rest_route=\/wp\/v2\/types\/page"}],"author":[{"embeddable":true,"href":"https:\/\/feuerwehr-schwandorf.de\/index.php?rest_route=\/wp\/v2\/users\/1"}],"replies":[{"embeddable":true,"href":"https:\/\/feuerwehr-schwandorf.de\/index.php?rest_route=%2Fwp%2Fv2%2Fcomments&post=1323"}],"version-history":[{"count":0,"href":"https:\/\/feuerwehr-schwandorf.de\/index.php?rest_route=\/wp\/v2\/pages\/1323\/revisions"}],"wp:attachment":[{"href":"https:\/\/feuerwehr-schwandorf.de\/index.php?rest_route=%2Fwp%2Fv2%2Fmedia&parent=1323"}],"curies":[{"name":"wp","href":"https:\/\/api.w.org\/{rel}","templated":true}]}}