{"id":1476,"date":"2025-03-23T16:37:53","date_gmt":"2025-03-23T15:37:53","guid":{"rendered":"https:\/\/ffschwandorf.de\/?page_id=1476"},"modified":"2025-03-23T16:37:53","modified_gmt":"2025-03-23T15:37:53","slug":"werde-mitglied","status":"publish","type":"page","link":"https:\/\/feuerwehr-schwandorf.de\/?page_id=1476","title":{"rendered":"Werde Mitglied"},"content":{"rendered":"\t\t<div data-elementor-type=\"wp-page\" data-elementor-id=\"1476\" class=\"elementor elementor-1476\" data-elementor-post-type=\"page\">\n\t\t\t\t<div class=\"elementor-element elementor-element-7ab0475 e-flex e-con-boxed wpr-particle-no wpr-jarallax-no wpr-parallax-no wpr-sticky-section-no e-con e-parent\" data-id=\"7ab0475\" data-element_type=\"container\" data-e-type=\"container\">\n\t\t\t\t\t<div class=\"e-con-inner\">\n\t\t\t\t<div class=\"elementor-element elementor-element-2af4c21 elementor-widget elementor-widget-heading\" data-id=\"2af4c21\" data-element_type=\"widget\" data-e-type=\"widget\" data-widget_type=\"heading.default\">\n\t\t\t\t\t<h2 class=\"elementor-heading-title elementor-size-default\">Werde Mitglied im Verein<\/h2>\t\t\t\t<\/div>\n\t\t\t\t\t<\/div>\n\t\t\t\t<\/div>\n\t\t<div class=\"elementor-element elementor-element-fc7d53c e-flex e-con-boxed wpr-particle-no wpr-jarallax-no wpr-parallax-no wpr-sticky-section-no e-con e-parent\" data-id=\"fc7d53c\" data-element_type=\"container\" data-e-type=\"container\">\n\t\t\t\t\t<div class=\"e-con-inner\">\n\t\t\t\t<div class=\"elementor-element elementor-element-2ef5551 elementor-widget elementor-widget-text-editor\" data-id=\"2ef5551\" data-element_type=\"widget\" data-e-type=\"widget\" data-widget_type=\"text-editor.default\">\n\t\t\t\t\t\t\t\t\t<p>Ein Feuerwehrverein ist in Deutschland ein Verein zur F\u00f6rderung des \u00f6rtlichen Brandschutzes, der in manchen Regionen neben der jeweiligen kommunalen Freiwilligen Feuerwehr besteht. Die Mitgliedschaft im Feuerwehrverein ist in der Regel unabh\u00e4ngig vom Mitwirken in der jeweiligen Freiwilligen Feuerwehr. In der Regel sind jedoch beim Bestehen eines Feuerwehrvereins die Einsatzkr\u00e4fte eines Ortes gleichzeitig Mitglieder beider Organisationen. W\u00e4hrend in den \u00fcbrigen Bundesl\u00e4ndern Feuerwehrvereine erst in der j\u00fcngeren Vergangenheit entstanden, waren die Feuerwehren in Bayern bereits seit der Gr\u00fcnderzeit um 1870 in Form eines Feuerwehrvereins organisiert. Die daraus resultierende Doppelnatur der Feuerwehren in Bayern als gleichzeitig Verein und gemeindliche Brandschutzeinrichtung war bis zur Ver\u00f6ffentlichung des Bayerischen Feuerwehrgesetzes (BayFwG) im Jahr 1985 ein juristisch schwieriges Terrain. Erst das BayFwG definierte die Abgrenzung des Feuerwehrvereins von der gemeindlichen Einrichtung. Daraus resultiert allerdings, dass in Bayern jede gemeindliche Feuerwehr auch einen Feuerwehrverein hat.<\/p><p>Feuerwehrvereine finanzieren sich in der Regel durch Spenden und Mitgliedsbeitr\u00e4ge. Vereinzelt haben sich Kommunen gegen\u00fcber ihren Feuerwehrangeh\u00f6rigen verpflichtet, Aufwandsentsch\u00e4digungen f\u00fcr Eins\u00e4tze bzw. Sonderdienste zu leisten. Teilweise werden diese aber an den Feuerwehrverein entrichtet. Von diesen Geldern werden \u00f6fter Anschaffungen im Sinne der Kameradschaft, aber auch Zusch\u00fcsse zu Fahrzeug-, Geb\u00e4ude- und Ger\u00e4teanschaffungen gegeben.<\/p>\t\t\t\t\t\t\t\t<\/div>\n\t\t\t\t\t<\/div>\n\t\t\t\t<\/div>\n\t\t<div class=\"elementor-element elementor-element-555dd28 e-flex e-con-boxed wpr-particle-no wpr-jarallax-no wpr-parallax-no wpr-sticky-section-no e-con e-parent\" data-id=\"555dd28\" data-element_type=\"container\" data-e-type=\"container\">\n\t\t\t\t\t<div class=\"e-con-inner\">\n\t\t<div class=\"elementor-element elementor-element-ae91706 e-con-full e-flex wpr-particle-no wpr-jarallax-no wpr-parallax-no wpr-sticky-section-no e-con e-child\" data-id=\"ae91706\" data-element_type=\"container\" data-e-type=\"container\">\n\t\t\t\t<div class=\"elementor-element elementor-element-615c333 elementor-widget elementor-widget-image\" data-id=\"615c333\" data-element_type=\"widget\" data-e-type=\"widget\" data-widget_type=\"image.default\">\n\t\t\t\t\t\t\t\t\t\t\t\t\t\t\t<img fetchpriority=\"high\" decoding=\"async\" width=\"800\" height=\"974\" src=\"https:\/\/feuerwehr-schwandorf.de\/wp-content\/uploads\/2025\/03\/FFW_SAD_Wappen_GIF_ohne_Hintergrund-2.gif\" class=\"attachment-large size-large wp-image-1301\" alt=\"\" \/>\t\t\t\t\t\t\t\t\t\t\t\t\t\t\t<\/div>\n\t\t\t\t<div class=\"elementor-element elementor-element-793eb0e elementor-view-default elementor-widget elementor-widget-icon\" data-id=\"793eb0e\" data-element_type=\"widget\" data-e-type=\"widget\" data-widget_type=\"icon.default\">\n\t\t\t\t\t\t\t<div class=\"elementor-icon-wrapper\">\n\t\t\t<div class=\"elementor-icon\">\n\t\t\t<svg aria-hidden=\"true\" class=\"e-font-icon-svg e-fas-file-pdf\" viewBox=\"0 0 384 512\" xmlns=\"http:\/\/www.w3.org\/2000\/svg\"><path d=\"M181.9 256.1c-5-16-4.9-46.9-2-46.9 8.4 0 7.6 36.9 2 46.9zm-1.7 47.2c-7.7 20.2-17.3 43.3-28.4 62.7 18.3-7 39-17.2 62.9-21.9-12.7-9.6-24.9-23.4-34.5-40.8zM86.1 428.1c0 .8 13.2-5.4 34.9-40.2-6.7 6.3-29.1 24.5-34.9 40.2zM248 160h136v328c0 13.3-10.7 24-24 24H24c-13.3 0-24-10.7-24-24V24C0 10.7 10.7 0 24 0h200v136c0 13.2 10.8 24 24 24zm-8 171.8c-20-12.2-33.3-29-42.7-53.8 4.5-18.5 11.6-46.6 6.2-64.2-4.7-29.4-42.4-26.5-47.8-6.8-5 18.3-.4 44.1 8.1 77-11.6 27.6-28.7 64.6-40.8 85.8-.1 0-.1.1-.2.1-27.1 13.9-73.6 44.5-54.5 68 5.6 6.9 16 10 21.5 10 17.9 0 35.7-18 61.1-61.8 25.8-8.5 54.1-19.1 79-23.2 21.7 11.8 47.1 19.5 64 19.5 29.2 0 31.2-32 19.7-43.4-13.9-13.6-54.3-9.7-73.6-7.2zM377 105L279 7c-4.5-4.5-10.6-7-17-7h-6v128h128v-6.1c0-6.3-2.5-12.4-7-16.9zm-74.1 255.3c4.1-2.7-2.5-11.9-42.8-9 37.1 15.8 42.8 9 42.8 9z\"><\/path><\/svg>\t\t\t<\/div>\n\t\t<\/div>\n\t\t\t\t\t\t<\/div>\n\t\t\t\t<div class=\"elementor-element elementor-element-665055a elementor-view-default elementor-widget elementor-widget-icon\" data-id=\"665055a\" data-element_type=\"widget\" data-e-type=\"widget\" data-widget_type=\"icon.default\">\n\t\t\t\t\t\t\t<div class=\"elementor-icon-wrapper\">\n\t\t\t<div class=\"elementor-icon\">\n\t\t\t<svg aria-hidden=\"true\" class=\"e-font-icon-svg e-fas-file-pdf\" viewBox=\"0 0 384 512\" xmlns=\"http:\/\/www.w3.org\/2000\/svg\"><path d=\"M181.9 256.1c-5-16-4.9-46.9-2-46.9 8.4 0 7.6 36.9 2 46.9zm-1.7 47.2c-7.7 20.2-17.3 43.3-28.4 62.7 18.3-7 39-17.2 62.9-21.9-12.7-9.6-24.9-23.4-34.5-40.8zM86.1 428.1c0 .8 13.2-5.4 34.9-40.2-6.7 6.3-29.1 24.5-34.9 40.2zM248 160h136v328c0 13.3-10.7 24-24 24H24c-13.3 0-24-10.7-24-24V24C0 10.7 10.7 0 24 0h200v136c0 13.2 10.8 24 24 24zm-8 171.8c-20-12.2-33.3-29-42.7-53.8 4.5-18.5 11.6-46.6 6.2-64.2-4.7-29.4-42.4-26.5-47.8-6.8-5 18.3-.4 44.1 8.1 77-11.6 27.6-28.7 64.6-40.8 85.8-.1 0-.1.1-.2.1-27.1 13.9-73.6 44.5-54.5 68 5.6 6.9 16 10 21.5 10 17.9 0 35.7-18 61.1-61.8 25.8-8.5 54.1-19.1 79-23.2 21.7 11.8 47.1 19.5 64 19.5 29.2 0 31.2-32 19.7-43.4-13.9-13.6-54.3-9.7-73.6-7.2zM377 105L279 7c-4.5-4.5-10.6-7-17-7h-6v128h128v-6.1c0-6.3-2.5-12.4-7-16.9zm-74.1 255.3c4.1-2.7-2.5-11.9-42.8-9 37.1 15.8 42.8 9 42.8 9z\"><\/path><\/svg>\t\t\t<\/div>\n\t\t<\/div>\n\t\t\t\t\t\t<\/div>\n\t\t\t\t<\/div>\n\t\t<div class=\"elementor-element elementor-element-d7e7783 e-con-full e-flex wpr-particle-no wpr-jarallax-no wpr-parallax-no wpr-sticky-section-no e-con e-child\" data-id=\"d7e7783\" data-element_type=\"container\" data-e-type=\"container\">\n\t\t\t\t<div class=\"elementor-element elementor-element-e3b154a elementor-widget elementor-widget-text-editor\" data-id=\"e3b154a\" data-element_type=\"widget\" data-e-type=\"widget\" data-widget_type=\"text-editor.default\">\n\t\t\t\t\t\t\t\t\t<p>Hier k\u00f6nnen Sie sich die Beitrittserkl\u00e4rung zur Freiwilligen Feuerwehr Schwandorf e.V. herunterladen. Wir w\u00fcrden uns sehr freuen, Sie bald als Mitglied begr\u00fc\u00dfen zu k\u00f6nnen. Die Beitrittserkl\u00e4rung nach dem Ausf\u00fcllen bitte an folgende Adresse senden:<\/p><p>Freiwillige Feuerwehr Schwandorf e.V.<br \/>Ettmannsdorfer Str. 30 a<br \/>92421 Schwandorf<\/p><p>\u00a0oder eingescannt per Mail an <span id=\"cloak997dbe4471a94803363a5ff3640c717e\"><a href=\"mailto:info@ffschwandorf.de\">info@ffschwandorf.de<\/a><\/span><\/p>\t\t\t\t\t\t\t\t<\/div>\n\t\t\t\t<div class=\"elementor-element elementor-element-bb51d05 elementor-widget elementor-widget-text-editor\" data-id=\"bb51d05\" data-element_type=\"widget\" data-e-type=\"widget\" data-widget_type=\"text-editor.default\">\n\t\t\t\t\t\t\t\t\t<p>\u00a0<\/p><p><a style=\"background-color: #3d3d3d; font-size: 1rem;\" href=\"https:\/\/ffschwandorf.de\/wp-content\/uploads\/2025\/03\/Beitritserklaerung-mit-Datenschutz.pdf\">Beitrittserkl\u00e4rung<\/a><\/p>\t\t\t\t\t\t\t\t<\/div>\n\t\t<div class=\"elementor-element elementor-element-f4d92fd e-con-full e-flex wpr-particle-no wpr-jarallax-no wpr-parallax-no wpr-sticky-section-no e-con e-child\" data-id=\"f4d92fd\" data-element_type=\"container\" data-e-type=\"container\">\n\t\t\t\t<div class=\"elementor-element elementor-element-844adf9 elementor-widget elementor-widget-text-editor\" data-id=\"844adf9\" data-element_type=\"widget\" data-e-type=\"widget\" data-widget_type=\"text-editor.default\">\n\t\t\t\t\t\t\t\t\t<p><a href=\"https:\/\/ffschwandorf.de\/wp-content\/uploads\/2025\/03\/Satzung-02.2024.pdf\">Satzung<\/a><\/p>\t\t\t\t\t\t\t\t<\/div>\n\t\t\t\t<\/div>\n\t\t\t\t<\/div>\n\t\t\t\t\t<\/div>\n\t\t\t\t<\/div>\n\t\t\t\t<\/div>\n\t\t","protected":false},"excerpt":{"rendered":"<p>Werde Mitglied im Verein Ein Feuerwehrverein ist in Deutschland ein Verein zur F\u00f6rderung des \u00f6rtlichen Brandschutzes, der in manchen Regionen neben der jeweiligen kommunalen Freiwilligen Feuerwehr besteht. Die Mitgliedschaft im Feuerwehrverein ist in der Regel unabh\u00e4ngig vom Mitwirken in der jeweiligen Freiwilligen Feuerwehr. In der Regel sind jedoch beim Bestehen eines Feuerwehrvereins die Einsatzkr\u00e4fte eines Ortes gleichzeitig Mitglieder beider Organisationen. W\u00e4hrend in den \u00fcbrigen Bundesl\u00e4ndern Feuerwehrvereine erst in der j\u00fcngeren Vergangenheit entstanden, waren die Feuerwehren in Bayern bereits seit der Gr\u00fcnderzeit um 1870 in Form eines Feuerwehrvereins organisiert. Die daraus resultierende Doppelnatur der Feuerwehren in Bayern als gleichzeitig Verein und gemeindliche Brandschutzeinrichtung war bis zur Ver\u00f6ffentlichung des Bayerischen Feuerwehrgesetzes (BayFwG) im Jahr 1985 ein juristisch schwieriges Terrain. Erst das BayFwG definierte die Abgrenzung des Feuerwehrvereins von der gemeindlichen Einrichtung. Daraus resultiert allerdings, dass in Bayern jede gemeindliche Feuerwehr auch einen Feuerwehrverein hat. Feuerwehrvereine finanzieren sich in der Regel durch Spenden und Mitgliedsbeitr\u00e4ge. Vereinzelt haben sich Kommunen gegen\u00fcber ihren Feuerwehrangeh\u00f6rigen verpflichtet, Aufwandsentsch\u00e4digungen f\u00fcr Eins\u00e4tze bzw. Sonderdienste zu leisten. Teilweise werden diese aber an den Feuerwehrverein entrichtet. Von diesen Geldern werden \u00f6fter Anschaffungen im Sinne der Kameradschaft, aber auch Zusch\u00fcsse zu Fahrzeug-, Geb\u00e4ude- und Ger\u00e4teanschaffungen gegeben. Hier k\u00f6nnen Sie sich die Beitrittserkl\u00e4rung zur Freiwilligen Feuerwehr Schwandorf e.V. herunterladen. Wir w\u00fcrden uns sehr freuen, Sie bald als Mitglied begr\u00fc\u00dfen zu k\u00f6nnen. Die Beitrittserkl\u00e4rung nach dem Ausf\u00fcllen bitte an folgende Adresse senden: Freiwillige Feuerwehr Schwandorf e.V.Ettmannsdorfer Str. 30 a92421 Schwandorf \u00a0oder eingescannt per Mail an info@ffschwandorf.de \u00a0 Beitrittserkl\u00e4rung Satzung<\/p>\n","protected":false},"author":1,"featured_media":0,"parent":0,"menu_order":0,"comment_status":"closed","ping_status":"closed","template":"","meta":{"footnotes":""},"class_list":["post-1476","page","type-page","status-publish","hentry"],"_links":{"self":[{"href":"https:\/\/feuerwehr-schwandorf.de\/index.php?rest_route=\/wp\/v2\/pages\/1476","targetHints":{"allow":["GET"]}}],"collection":[{"href":"https:\/\/feuerwehr-schwandorf.de\/index.php?rest_route=\/wp\/v2\/pages"}],"about":[{"href":"https:\/\/feuerwehr-schwandorf.de\/index.php?rest_route=\/wp\/v2\/types\/page"}],"author":[{"embeddable":true,"href":"https:\/\/feuerwehr-schwandorf.de\/index.php?rest_route=\/wp\/v2\/users\/1"}],"replies":[{"embeddable":true,"href":"https:\/\/feuerwehr-schwandorf.de\/index.php?rest_route=%2Fwp%2Fv2%2Fcomments&post=1476"}],"version-history":[{"count":0,"href":"https:\/\/feuerwehr-schwandorf.de\/index.php?rest_route=\/wp\/v2\/pages\/1476\/revisions"}],"wp:attachment":[{"href":"https:\/\/feuerwehr-schwandorf.de\/index.php?rest_route=%2Fwp%2Fv2%2Fmedia&parent=1476"}],"curies":[{"name":"wp","href":"https:\/\/api.w.org\/{rel}","templated":true}]}}