{"id":2494,"date":"2025-12-27T20:21:33","date_gmt":"2025-12-27T19:21:33","guid":{"rendered":"https:\/\/ffschwandorf.de\/?page_id=2494"},"modified":"2025-12-27T20:21:33","modified_gmt":"2025-12-27T19:21:33","slug":"aermel-abzeichen","status":"publish","type":"page","link":"https:\/\/feuerwehr-schwandorf.de\/?page_id=2494","title":{"rendered":"\u00c4rmelabzeichen"},"content":{"rendered":"\t\t<div data-elementor-type=\"wp-page\" data-elementor-id=\"2494\" class=\"elementor elementor-2494\" data-elementor-post-type=\"page\">\n\t\t\t\t<div class=\"elementor-element elementor-element-24aa90f e-flex e-con-boxed wpr-particle-no wpr-jarallax-no wpr-parallax-no wpr-sticky-section-no e-con e-parent\" data-id=\"24aa90f\" data-element_type=\"container\" data-e-type=\"container\">\n\t\t\t\t\t<div class=\"e-con-inner\">\n\t\t\t\t<div class=\"elementor-element elementor-element-f297b76 elementor-widget elementor-widget-heading\" data-id=\"f297b76\" data-element_type=\"widget\" data-e-type=\"widget\" data-widget_type=\"heading.default\">\n\t\t\t\t\t<h1 class=\"elementor-heading-title elementor-size-default\">\u00c4rmelabzeichen<\/h1>\t\t\t\t<\/div>\n\t\t\t\t\t<\/div>\n\t\t\t\t<\/div>\n\t\t<div class=\"elementor-element elementor-element-8e40c02 e-flex e-con-boxed wpr-particle-no wpr-jarallax-no wpr-parallax-no wpr-sticky-section-no e-con e-parent\" data-id=\"8e40c02\" data-element_type=\"container\" data-e-type=\"container\">\n\t\t\t\t\t<div class=\"e-con-inner\">\n\t\t<div class=\"elementor-element elementor-element-04fc272 e-con-full e-flex wpr-particle-no wpr-jarallax-no wpr-parallax-no wpr-sticky-section-no e-con e-child\" data-id=\"04fc272\" data-element_type=\"container\" data-e-type=\"container\">\n\t\t\t\t<div class=\"elementor-element elementor-element-31a0524 elementor-widget elementor-widget-image\" data-id=\"31a0524\" data-element_type=\"widget\" data-e-type=\"widget\" data-widget_type=\"image.default\">\n\t\t\t\t\t\t\t\t\t\t\t\t\t\t\t<img fetchpriority=\"high\" decoding=\"async\" width=\"800\" height=\"974\" src=\"https:\/\/feuerwehr-schwandorf.de\/wp-content\/uploads\/2025\/03\/FFW_SAD_Wappen_GIF_ohne_Hintergrund-2.gif\" class=\"attachment-large size-large wp-image-1301\" alt=\"\" \/>\t\t\t\t\t\t\t\t\t\t\t\t\t\t\t<\/div>\n\t\t\t\t<\/div>\n\t\t<div class=\"elementor-element elementor-element-d53985f e-con-full e-flex wpr-particle-no wpr-jarallax-no wpr-parallax-no wpr-sticky-section-no e-con e-child\" data-id=\"d53985f\" data-element_type=\"container\" data-e-type=\"container\">\n\t\t\t\t<div class=\"elementor-element elementor-element-d80dbf3 elementor-widget elementor-widget-text-editor\" data-id=\"d80dbf3\" data-element_type=\"widget\" data-e-type=\"widget\" data-widget_type=\"text-editor.default\">\n\t\t\t\t\t\t\t\t\t<h1 class=\"uk-article-title\">&nbsp;<\/h1>\n<div>\n<h3>Das \u00c4rmelabzeichen zeigt das Wappen der Stadt Schwandorf:<\/h3>\n<p>Geteilt; oben in Schwarz ein wachsender, rot gekr\u00f6nter goldener L\u00f6we, unten die bayerischen Rauten, belegt mit einem schwarzen Filzstiefel. Wappengeschichte: Die Rauten und der geminderte pf\u00e4lzische L\u00f6we verweisen auf die seit dem 13. Jahrhundert wirksame Herrschaft der Wittelsbacher. Schwandorf wird schon um 1283 als Markt bezeichnet und 1451 durch Pfalzgraf Otto I. von Mosbach zur Stadt erhoben.<\/p>\n<p>Das erste Siegel stammt aus der Zeit um 1300 und ist in Abdrucken von 1325 bis 1546 \u00fcberliefert. Die untere Schildh\u00e4lfte zeigte urspr\u00fcnglich eine aus stehenden gepunkteten Rauten gebildete Gitterung, die wohl die Feldfarbe Rot anzeigen sollte. Erst im Sekret aus dem 15. Jahrhundert sind die Rauten deutlich erkennbar. Der den Rauten aufgelegte Stiefel wurde als das im 14. Jahrhundert legend\u00e4r gewordene apokryphe Bundschuhwappen des Grafen Eckhart von Scheyern (um 1100) gedeutet.<\/p>\n<p>Vermutlich handelt es sich aber eher um den Filzstiefel als Symbol f\u00fcr die Vogtabgabe. Seit Mitte des 17. Jahrhunderts hatte der Stiefel die Form eines Stulpenstiefels, dem im 19. Jahrhundert, basierend auf einer Wappensage \u00fcber Pfalzgraf Friedrich, ein gro\u00dfer Sporn angef\u00fcgt wurde. 1971 kehrte man zum Filzstiefel zur\u00fcck.<\/p>\n<p>Quelle: Haus der bayerischen Geschichte<\/p><p><br><\/p>\n<h3>Ein \u00c4rmelabzeichen der FF Schwandorf bestellen:<\/h3>\n<p>Da es in unserer Wehr keinen Sammler gibt k\u00f6nnen wir leider keine Abzeichen tauschen. Daf\u00fcr bieten wir Ihnen hier die M\u00f6glichkeit, ein \u00c4rmelabzeichen der FF Schwandorf k\u00e4uflich zu erwerben.<\/p>\n<p>Der Unkostenbeitrag pro Abzeichen betr\u00e4gt 4,00 \u20ac\/St\u00fcck plus 1,00 \u20ac Versandkosten.<\/p>\n<p>Senden Sie uns dazu einfach eine Nachricht an <span id=\"cloak1d8ad04024495c5f77e35ec721ae7b2b\"><a href=\"mailto:info@ffschwandorf.de\">info@ffschwandorf.de<\/a><\/span><\/p>\n<\/div>\t\t\t\t\t\t\t\t<\/div>\n\t\t\t\t<\/div>\n\t\t\t\t\t<\/div>\n\t\t\t\t<\/div>\n\t\t\t\t<\/div>\n\t\t","protected":false},"excerpt":{"rendered":"<p>\u00c4rmelabzeichen &nbsp; Das \u00c4rmelabzeichen zeigt das Wappen der Stadt Schwandorf: Geteilt; oben in Schwarz ein wachsender, rot gekr\u00f6nter goldener L\u00f6we, unten die bayerischen Rauten, belegt mit einem schwarzen Filzstiefel. Wappengeschichte: Die Rauten und der geminderte pf\u00e4lzische L\u00f6we verweisen auf die seit dem 13. Jahrhundert wirksame Herrschaft der Wittelsbacher. Schwandorf wird schon um 1283 als Markt bezeichnet und 1451 durch Pfalzgraf Otto I. von Mosbach zur Stadt erhoben. Das erste Siegel stammt aus der Zeit um 1300 und ist in Abdrucken von 1325 bis 1546 \u00fcberliefert. Die untere Schildh\u00e4lfte zeigte urspr\u00fcnglich eine aus stehenden gepunkteten Rauten gebildete Gitterung, die wohl die Feldfarbe Rot anzeigen sollte. Erst im Sekret aus dem 15. Jahrhundert sind die Rauten deutlich erkennbar. Der den Rauten aufgelegte Stiefel wurde als das im 14. Jahrhundert legend\u00e4r gewordene apokryphe Bundschuhwappen des Grafen Eckhart von Scheyern (um 1100) gedeutet. Vermutlich handelt es sich aber eher um den Filzstiefel als Symbol f\u00fcr die Vogtabgabe. Seit Mitte des 17. Jahrhunderts hatte der Stiefel die Form eines Stulpenstiefels, dem im 19. Jahrhundert, basierend auf einer Wappensage \u00fcber Pfalzgraf Friedrich, ein gro\u00dfer Sporn angef\u00fcgt wurde. 1971 kehrte man zum Filzstiefel zur\u00fcck. Quelle: Haus der bayerischen Geschichte Ein \u00c4rmelabzeichen der FF Schwandorf bestellen: Da es in unserer Wehr keinen Sammler gibt k\u00f6nnen wir leider keine Abzeichen tauschen. Daf\u00fcr bieten wir Ihnen hier die M\u00f6glichkeit, ein \u00c4rmelabzeichen der FF Schwandorf k\u00e4uflich zu erwerben. Der Unkostenbeitrag pro Abzeichen betr\u00e4gt 4,00 \u20ac\/St\u00fcck plus 1,00 \u20ac Versandkosten. Senden Sie uns dazu einfach eine Nachricht an info@ffschwandorf.de<\/p>\n","protected":false},"author":1,"featured_media":0,"parent":0,"menu_order":0,"comment_status":"closed","ping_status":"closed","template":"","meta":{"footnotes":""},"class_list":["post-2494","page","type-page","status-publish","hentry"],"_links":{"self":[{"href":"https:\/\/feuerwehr-schwandorf.de\/index.php?rest_route=\/wp\/v2\/pages\/2494","targetHints":{"allow":["GET"]}}],"collection":[{"href":"https:\/\/feuerwehr-schwandorf.de\/index.php?rest_route=\/wp\/v2\/pages"}],"about":[{"href":"https:\/\/feuerwehr-schwandorf.de\/index.php?rest_route=\/wp\/v2\/types\/page"}],"author":[{"embeddable":true,"href":"https:\/\/feuerwehr-schwandorf.de\/index.php?rest_route=\/wp\/v2\/users\/1"}],"replies":[{"embeddable":true,"href":"https:\/\/feuerwehr-schwandorf.de\/index.php?rest_route=%2Fwp%2Fv2%2Fcomments&post=2494"}],"version-history":[{"count":0,"href":"https:\/\/feuerwehr-schwandorf.de\/index.php?rest_route=\/wp\/v2\/pages\/2494\/revisions"}],"wp:attachment":[{"href":"https:\/\/feuerwehr-schwandorf.de\/index.php?rest_route=%2Fwp%2Fv2%2Fmedia&parent=2494"}],"curies":[{"name":"wp","href":"https:\/\/api.w.org\/{rel}","templated":true}]}}