{"id":306,"date":"2025-01-25T00:27:33","date_gmt":"2025-01-24T23:27:33","guid":{"rendered":"https:\/\/ffschwandorf.de\/?page_id=306"},"modified":"2026-03-02T22:05:25","modified_gmt":"2026-03-02T22:05:25","slug":"aktive","status":"publish","type":"page","link":"https:\/\/feuerwehr-schwandorf.de\/?page_id=306","title":{"rendered":"Aktive"},"content":{"rendered":"\t\t<div data-elementor-type=\"wp-page\" data-elementor-id=\"306\" class=\"elementor elementor-306\" data-elementor-post-type=\"page\">\n\t\t\t\t<div class=\"elementor-element elementor-element-0140f21 e-flex e-con-boxed wpr-particle-no wpr-jarallax-no wpr-parallax-no wpr-sticky-section-no e-con e-parent\" data-id=\"0140f21\" data-element_type=\"container\" data-e-type=\"container\">\n\t\t\t\t\t<div class=\"e-con-inner\">\n\t\t\t\t<div class=\"elementor-element elementor-element-fa7a58d elementor-widget elementor-widget-text-editor\" data-id=\"fa7a58d\" data-element_type=\"widget\" data-e-type=\"widget\" data-widget_type=\"text-editor.default\">\n\t\t\t\t\t\t\t\t\t<p>News aus der Aktiven Manschaft<\/p>\t\t\t\t\t\t\t\t<\/div>\n\t\t\t\t<div class=\"elementor-element elementor-element-a7ad3b4 elementor-grid-3 elementor-grid-tablet-2 elementor-grid-mobile-1 elementor-posts--thumbnail-top elementor-widget elementor-widget-posts\" data-id=\"a7ad3b4\" data-element_type=\"widget\" data-e-type=\"widget\" data-settings=\"{&quot;pagination_type&quot;:&quot;numbers&quot;,&quot;classic_columns&quot;:&quot;3&quot;,&quot;classic_columns_tablet&quot;:&quot;2&quot;,&quot;classic_columns_mobile&quot;:&quot;1&quot;,&quot;classic_row_gap&quot;:{&quot;unit&quot;:&quot;px&quot;,&quot;size&quot;:35,&quot;sizes&quot;:[]},&quot;classic_row_gap_tablet&quot;:{&quot;unit&quot;:&quot;px&quot;,&quot;size&quot;:&quot;&quot;,&quot;sizes&quot;:[]},&quot;classic_row_gap_mobile&quot;:{&quot;unit&quot;:&quot;px&quot;,&quot;size&quot;:&quot;&quot;,&quot;sizes&quot;:[]}}\" data-widget_type=\"posts.classic\">\n\t\t\t\t<div class=\"elementor-widget-container\">\n\t\t\t\t\t\t\t<div class=\"elementor-posts-container elementor-posts elementor-posts--skin-classic elementor-grid\" role=\"list\">\n\t\t\t\t<article class=\"elementor-post elementor-grid-item post-3921 post type-post status-publish format-standard has-post-thumbnail hentry category-allgemein category-ffw tag-fasching\" role=\"listitem\">\n\t\t\t\t<div class=\"elementor-post__text\">\n\t\t\t\t<h3 class=\"elementor-post__title\">\n\t\t\t<a href=\"https:\/\/feuerwehr-schwandorf.de\/?p=3921\" >\n\t\t\t\tOstbayerischer Faschingszug 2026\t\t\t<\/a>\n\t\t<\/h3>\n\t\t\t\t<div class=\"elementor-post__excerpt\">\n\t\t\t<p>Am Sonntag, den 08. Februar, fand im Stadtgebiet Schwandorf der Ostbayer. Faschingszug statt. Hierzu nahmen eine Vielzahl an Faschingsgesellschaften teil. Ebenso wurde das Event von<\/p>\n\t\t<\/div>\n\t\t\n\t\t<a class=\"elementor-post__read-more\" href=\"https:\/\/feuerwehr-schwandorf.de\/?p=3921\" aria-label=\"Mehr \u00fcber Ostbayerischer Faschingszug 2026\" tabindex=\"-1\" >\n\t\t\tWeiterlesen \u00bb\t\t<\/a>\n\n\t\t\t\t<\/div>\n\t\t\t\t<\/article>\n\t\t\t\t<article class=\"elementor-post elementor-grid-item post-3746 post type-post status-publish format-standard has-post-thumbnail hentry category-allgemein category-ffw\" role=\"listitem\">\n\t\t\t\t<div class=\"elementor-post__text\">\n\t\t\t\t<h3 class=\"elementor-post__title\">\n\t\t\t<a href=\"https:\/\/feuerwehr-schwandorf.de\/?p=3746\" >\n\t\t\t\tEisrettungs\u00fcbung\t\t\t<\/a>\n\t\t<\/h3>\n\t\t\t\t<div class=\"elementor-post__excerpt\">\n\t\t\t<p>Um f\u00fcr Eins\u00e4tze in der kalten Jahreszeit bestens ger\u00fcstet zu sein, f\u00fchrte die Feuerwehr Schwandorf im Januar 2026 eine umfassende Eisrettungs\u00fcbung durch. Ziel der \u00dcbung<\/p>\n\t\t<\/div>\n\t\t\n\t\t<a class=\"elementor-post__read-more\" href=\"https:\/\/feuerwehr-schwandorf.de\/?p=3746\" aria-label=\"Mehr \u00fcber Eisrettungs\u00fcbung\" tabindex=\"-1\" >\n\t\t\tWeiterlesen \u00bb\t\t<\/a>\n\n\t\t\t\t<\/div>\n\t\t\t\t<\/article>\n\t\t\t\t<article class=\"elementor-post elementor-grid-item post-1923 post type-post status-publish format-standard has-post-thumbnail hentry category-allgemein category-ffw\" role=\"listitem\">\n\t\t\t\t<div class=\"elementor-post__text\">\n\t\t\t\t<h3 class=\"elementor-post__title\">\n\t\t\t<a href=\"https:\/\/feuerwehr-schwandorf.de\/?p=1923\" >\n\t\t\t\tObjekt\u00fcbung Gebr. Donhauser\t\t\t<\/a>\n\t\t<\/h3>\n\t\t\t\t<div class=\"elementor-post__excerpt\">\n\t\t\t<p>Ein Zug konnte am Montag eine Objekt\u00fcbung bei der Fa. Gebr\u00fcder Donhauser, unweit der Feuerwache, durchf\u00fchren.\u00a0\u00a0Danke f\u00fcr diese M\u00f6glichkeit und Danke auch f\u00fcr das Sponsoring<\/p>\n\t\t<\/div>\n\t\t\n\t\t<a class=\"elementor-post__read-more\" href=\"https:\/\/feuerwehr-schwandorf.de\/?p=1923\" aria-label=\"Mehr \u00fcber Objekt\u00fcbung Gebr. Donhauser\" tabindex=\"-1\" >\n\t\t\tWeiterlesen \u00bb\t\t<\/a>\n\n\t\t\t\t<\/div>\n\t\t\t\t<\/article>\n\t\t\t\t<article class=\"elementor-post elementor-grid-item post-1905 post type-post status-publish format-standard has-post-thumbnail hentry category-allgemein category-ffw\" role=\"listitem\">\n\t\t\t\t<div class=\"elementor-post__text\">\n\t\t\t\t<h3 class=\"elementor-post__title\">\n\t\t\t<a href=\"https:\/\/feuerwehr-schwandorf.de\/?p=1905\" >\n\t\t\t\t\u00dcbergabe Rollcontainer Waldbrand\t\t\t<\/a>\n\t\t<\/h3>\n\t\t\t\t<div class=\"elementor-post__excerpt\">\n\t\t\t<p>Gestern Abend konnten wir und sieben weitere Feuerwehren des Landkreises einen RC Waldbrand in Empfang nehmen. Aufgrund des sich ver\u00e4ndernden Klimas, hatte der Landkreis Schwandorf<\/p>\n\t\t<\/div>\n\t\t\n\t\t<a class=\"elementor-post__read-more\" href=\"https:\/\/feuerwehr-schwandorf.de\/?p=1905\" aria-label=\"Mehr \u00fcber \u00dcbergabe Rollcontainer Waldbrand\" tabindex=\"-1\" >\n\t\t\tWeiterlesen \u00bb\t\t<\/a>\n\n\t\t\t\t<\/div>\n\t\t\t\t<\/article>\n\t\t\t\t<article class=\"elementor-post elementor-grid-item post-1884 post type-post status-publish format-standard has-post-thumbnail hentry category-allgemein category-ffw\" role=\"listitem\">\n\t\t\t\t<div class=\"elementor-post__text\">\n\t\t\t\t<h3 class=\"elementor-post__title\">\n\t\t\t<a href=\"https:\/\/feuerwehr-schwandorf.de\/?p=1884\" >\n\t\t\t\tNeue Aktive\t\t\t<\/a>\n\t\t<\/h3>\n\t\t\t\t<div class=\"elementor-post__excerpt\">\n\t\t\t<p>Verst\u00e4rkung Einsatzdienst &nbsp; Vier neue Aktive &#8211; eine davon aus unserer Jugend &#8211; k\u00f6nnen ab sofort im Einsatzdienst eingesetzt werden. Diese wurden am \u00dcbungsmontag offiziell<\/p>\n\t\t<\/div>\n\t\t\n\t\t<a class=\"elementor-post__read-more\" href=\"https:\/\/feuerwehr-schwandorf.de\/?p=1884\" aria-label=\"Mehr \u00fcber Neue Aktive\" tabindex=\"-1\" >\n\t\t\tWeiterlesen \u00bb\t\t<\/a>\n\n\t\t\t\t<\/div>\n\t\t\t\t<\/article>\n\t\t\t\t<article class=\"elementor-post elementor-grid-item post-1776 post type-post status-publish format-standard has-post-thumbnail hentry category-allgemein category-ffw\" role=\"listitem\">\n\t\t\t\t<div class=\"elementor-post__text\">\n\t\t\t\t<h3 class=\"elementor-post__title\">\n\t\t\t<a href=\"https:\/\/feuerwehr-schwandorf.de\/?p=1776\" >\n\t\t\t\t32 Jahre im Dienst der Feuerwehr\t\t\t<\/a>\n\t\t<\/h3>\n\t\t\t\t<div class=\"elementor-post__excerpt\">\n\t\t\t<p>Mit dem Erreichen gesetzlichen Altersgrenze von 63 Jahren, wurde Georg Spandl im Rahmen der regelm\u00e4\u00dfigen \u00dcbung am 11.01.2016 in den Ruhestand verabschiedet. &nbsp; Seit 1983<\/p>\n\t\t<\/div>\n\t\t\n\t\t<a class=\"elementor-post__read-more\" href=\"https:\/\/feuerwehr-schwandorf.de\/?p=1776\" aria-label=\"Mehr \u00fcber 32 Jahre im Dienst der Feuerwehr\" tabindex=\"-1\" >\n\t\t\tWeiterlesen \u00bb\t\t<\/a>\n\n\t\t\t\t<\/div>\n\t\t\t\t<\/article>\n\t\t\t\t<\/div>\n\t\t\n\t\t\t\t<div class=\"e-load-more-anchor\" data-page=\"1\" data-max-page=\"4\" data-next-page=\"https:\/\/feuerwehr-schwandorf.de\/index.php?rest_route=%2Fwp%2Fv2%2Fpages%2F306&#038;paged=2\"><\/div>\n\t\t\t\t<nav class=\"elementor-pagination\" aria-label=\"Seitennummerierung\">\n\t\t\t<span aria-current=\"page\" class=\"page-numbers current\"><span class=\"elementor-screen-only\">Seite<\/span>1<\/span>\n<a class=\"page-numbers\" href=\"https:\/\/feuerwehr-schwandorf.de\/index.php\/?paged=2\"><span class=\"elementor-screen-only\">Seite<\/span>2<\/a>\n<a class=\"page-numbers\" href=\"https:\/\/feuerwehr-schwandorf.de\/index.php\/?paged=3\"><span class=\"elementor-screen-only\">Seite<\/span>3<\/a>\n<a class=\"page-numbers\" href=\"https:\/\/feuerwehr-schwandorf.de\/index.php\/?paged=4\"><span class=\"elementor-screen-only\">Seite<\/span>4<\/a>\t\t<\/nav>\n\t\t\t\t\t\t<\/div>\n\t\t\t\t<\/div>\n\t\t\t\t\t<\/div>\n\t\t\t\t<\/div>\n\t\t\t\t<\/div>\n\t\t","protected":false},"excerpt":{"rendered":"<p>News aus der Aktiven Manschaft<\/p>\n","protected":false},"author":1,"featured_media":0,"parent":0,"menu_order":0,"comment_status":"closed","ping_status":"closed","template":"","meta":{"footnotes":""},"class_list":["post-306","page","type-page","status-publish","hentry"],"_links":{"self":[{"href":"https:\/\/feuerwehr-schwandorf.de\/index.php?rest_route=\/wp\/v2\/pages\/306","targetHints":{"allow":["GET"]}}],"collection":[{"href":"https:\/\/feuerwehr-schwandorf.de\/index.php?rest_route=\/wp\/v2\/pages"}],"about":[{"href":"https:\/\/feuerwehr-schwandorf.de\/index.php?rest_route=\/wp\/v2\/types\/page"}],"author":[{"embeddable":true,"href":"https:\/\/feuerwehr-schwandorf.de\/index.php?rest_route=\/wp\/v2\/users\/1"}],"replies":[{"embeddable":true,"href":"https:\/\/feuerwehr-schwandorf.de\/index.php?rest_route=%2Fwp%2Fv2%2Fcomments&post=306"}],"version-history":[{"count":3,"href":"https:\/\/feuerwehr-schwandorf.de\/index.php?rest_route=\/wp\/v2\/pages\/306\/revisions"}],"predecessor-version":[{"id":4076,"href":"https:\/\/feuerwehr-schwandorf.de\/index.php?rest_route=\/wp\/v2\/pages\/306\/revisions\/4076"}],"wp:attachment":[{"href":"https:\/\/feuerwehr-schwandorf.de\/index.php?rest_route=%2Fwp%2Fv2%2Fmedia&parent=306"}],"curies":[{"name":"wp","href":"https:\/\/api.w.org\/{rel}","templated":true}]}}