{"id":381,"date":"2025-01-25T01:47:58","date_gmt":"2025-01-25T00:47:58","guid":{"rendered":"https:\/\/ffschwandorf.de\/?page_id=381"},"modified":"2026-03-02T20:32:13","modified_gmt":"2026-03-02T20:32:13","slug":"elementor-seite-381","status":"publish","type":"page","link":"https:\/\/feuerwehr-schwandorf.de\/?page_id=381","title":{"rendered":"F\u00fchrung"},"content":{"rendered":"\t\t<div data-elementor-type=\"wp-page\" data-elementor-id=\"381\" class=\"elementor elementor-381\" data-elementor-post-type=\"page\">\n\t\t\t\t<div class=\"elementor-element elementor-element-410945a e-flex e-con-boxed wpr-particle-no wpr-jarallax-no wpr-parallax-no wpr-sticky-section-no e-con e-parent\" data-id=\"410945a\" data-element_type=\"container\" data-e-type=\"container\">\n\t\t\t\t\t<div class=\"e-con-inner\">\n\t\t\t\t<div class=\"elementor-element elementor-element-e67eee5 elementor-widget elementor-widget-heading\" data-id=\"e67eee5\" data-element_type=\"widget\" data-e-type=\"widget\" data-widget_type=\"heading.default\">\n\t\t\t\t\t<h2 class=\"elementor-heading-title elementor-size-default\">F\u00fchrung der Aktiven Mannschaft<\/h2>\t\t\t\t<\/div>\n\t\t\t\t\t<\/div>\n\t\t\t\t<\/div>\n\t\t<div class=\"elementor-element elementor-element-92e0830 e-flex e-con-boxed wpr-particle-no wpr-jarallax-no wpr-parallax-no wpr-sticky-section-no e-con e-parent\" data-id=\"92e0830\" data-element_type=\"container\" data-e-type=\"container\">\n\t\t\t\t\t<div class=\"e-con-inner\">\n\t\t<div class=\"elementor-element elementor-element-3f2dfb2 e-con-full e-flex wpr-particle-no wpr-jarallax-no wpr-parallax-no wpr-sticky-section-no e-con e-child\" data-id=\"3f2dfb2\" data-element_type=\"container\" data-e-type=\"container\">\n\t\t\t\t<div class=\"elementor-element elementor-element-2767fe0 elementor-widget elementor-widget-image\" data-id=\"2767fe0\" data-element_type=\"widget\" data-e-type=\"widget\" data-widget_type=\"image.default\">\n\t\t\t\t\t\t\t\t\t\t\t\t\t\t\t<img fetchpriority=\"high\" decoding=\"async\" width=\"768\" height=\"1152\" src=\"https:\/\/feuerwehr-schwandorf.de\/wp-content\/uploads\/2025\/01\/Brunner_Klaus2-768x1152.jpg\" class=\"attachment-medium_large size-medium_large wp-image-383\" alt=\"\" srcset=\"https:\/\/feuerwehr-schwandorf.de\/wp-content\/uploads\/2025\/01\/Brunner_Klaus2-768x1152.jpg 768w, https:\/\/feuerwehr-schwandorf.de\/wp-content\/uploads\/2025\/01\/Brunner_Klaus2-200x300.jpg 200w, https:\/\/feuerwehr-schwandorf.de\/wp-content\/uploads\/2025\/01\/Brunner_Klaus2-683x1024.jpg 683w, https:\/\/feuerwehr-schwandorf.de\/wp-content\/uploads\/2025\/01\/Brunner_Klaus2.jpg 800w\" sizes=\"(max-width: 768px) 100vw, 768px\" \/>\t\t\t\t\t\t\t\t\t\t\t\t\t\t\t<\/div>\n\t\t\t\t<div class=\"elementor-element elementor-element-d42f195 elementor-widget elementor-widget-text-editor\" data-id=\"d42f195\" data-element_type=\"widget\" data-e-type=\"widget\" data-widget_type=\"text-editor.default\">\n\t\t\t\t\t\t\t\t\t<p><strong>Klaus Brunner<\/strong><\/p><p>Stadtbrandinspektor (SBI)<\/p><p>Kommandant<\/p><p>E-Mail: <span style=\"text-decoration: underline;\"><a href=\"mailto:sbi@ffschwandorf.de\" data-wplink-edit=\"true\">sbi@ffschwandorf.de<\/a><\/span><\/p>\t\t\t\t\t\t\t\t<\/div>\n\t\t\t\t<\/div>\n\t\t<div class=\"elementor-element elementor-element-a9d0679 e-con-full e-flex wpr-particle-no wpr-jarallax-no wpr-parallax-no wpr-sticky-section-no e-con e-child\" data-id=\"a9d0679\" data-element_type=\"container\" data-e-type=\"container\">\n\t\t\t\t<div class=\"elementor-element elementor-element-107308e elementor-widget elementor-widget-image\" data-id=\"107308e\" data-element_type=\"widget\" data-e-type=\"widget\" data-widget_type=\"image.default\">\n\t\t\t\t\t\t\t\t\t\t\t\t\t\t\t<img decoding=\"async\" width=\"683\" height=\"1024\" src=\"https:\/\/feuerwehr-schwandorf.de\/wp-content\/uploads\/2025\/01\/Krettner_Roland1-683x1024.jpg\" class=\"attachment-large size-large wp-image-384\" alt=\"\" srcset=\"https:\/\/feuerwehr-schwandorf.de\/wp-content\/uploads\/2025\/01\/Krettner_Roland1-683x1024.jpg 683w, https:\/\/feuerwehr-schwandorf.de\/wp-content\/uploads\/2025\/01\/Krettner_Roland1-200x300.jpg 200w, https:\/\/feuerwehr-schwandorf.de\/wp-content\/uploads\/2025\/01\/Krettner_Roland1-768x1152.jpg 768w, https:\/\/feuerwehr-schwandorf.de\/wp-content\/uploads\/2025\/01\/Krettner_Roland1.jpg 800w\" sizes=\"(max-width: 683px) 100vw, 683px\" \/>\t\t\t\t\t\t\t\t\t\t\t\t\t\t\t<\/div>\n\t\t\t\t<div class=\"elementor-element elementor-element-a487d5d elementor-widget elementor-widget-text-editor\" data-id=\"a487d5d\" data-element_type=\"widget\" data-e-type=\"widget\" data-widget_type=\"text-editor.default\">\n\t\t\t\t\t\t\t\t\t<p><strong>Roland Krettner<\/strong><\/p><p>Stadtbrandmeister (SBM)<\/p><p>Stv. Kommandant<\/p><p><span style=\"color: var( --e-global-color-text ); font-family: var( --e-global-typography-text-font-family ), Sans-serif; font-weight: var( --e-global-typography-text-font-weight ); text-align: var(--text-align); font-size: 1rem;\">E-Mail: <\/span><span style=\"color: var( --e-global-color-text ); font-family: var( --e-global-typography-text-font-family ), Sans-serif; font-weight: var( --e-global-typography-text-font-weight ); text-align: var(--text-align); font-size: 1rem; text-decoration-line: underline;\"><a href=\"mailto:sbm@ffschwandorf.de\">sbm@ffschwandorf.de<\/a><\/span><\/p>\t\t\t\t\t\t\t\t<\/div>\n\t\t\t\t<\/div>\n\t\t\t\t\t<\/div>\n\t\t\t\t<\/div>\n\t\t<div class=\"elementor-element elementor-element-2a3dc18 e-flex e-con-boxed wpr-particle-no wpr-jarallax-no wpr-parallax-no wpr-sticky-section-no e-con e-parent\" data-id=\"2a3dc18\" data-element_type=\"container\" data-e-type=\"container\">\n\t\t\t\t\t<div class=\"e-con-inner\">\n\t\t<div class=\"elementor-element elementor-element-edb1b52 e-con-full e-flex wpr-particle-no wpr-jarallax-no wpr-parallax-no wpr-sticky-section-no e-con e-child\" data-id=\"edb1b52\" data-element_type=\"container\" data-e-type=\"container\">\n\t\t\t\t<div class=\"elementor-element elementor-element-6c23bcf elementor-widget elementor-widget-image\" data-id=\"6c23bcf\" data-element_type=\"widget\" data-e-type=\"widget\" data-widget_type=\"image.default\">\n\t\t\t\t\t\t\t\t\t\t\t\t\t\t\t<img decoding=\"async\" width=\"683\" height=\"1024\" src=\"https:\/\/feuerwehr-schwandorf.de\/wp-content\/uploads\/2025\/01\/Roidl_Holger-683x1024.jpg\" class=\"attachment-large size-large wp-image-387\" alt=\"\" srcset=\"https:\/\/feuerwehr-schwandorf.de\/wp-content\/uploads\/2025\/01\/Roidl_Holger-683x1024.jpg 683w, https:\/\/feuerwehr-schwandorf.de\/wp-content\/uploads\/2025\/01\/Roidl_Holger-200x300.jpg 200w, https:\/\/feuerwehr-schwandorf.de\/wp-content\/uploads\/2025\/01\/Roidl_Holger-768x1152.jpg 768w, https:\/\/feuerwehr-schwandorf.de\/wp-content\/uploads\/2025\/01\/Roidl_Holger.jpg 800w\" sizes=\"(max-width: 683px) 100vw, 683px\" \/>\t\t\t\t\t\t\t\t\t\t\t\t\t\t\t<\/div>\n\t\t\t\t<div class=\"elementor-element elementor-element-7fdb26d elementor-widget elementor-widget-text-editor\" data-id=\"7fdb26d\" data-element_type=\"widget\" data-e-type=\"widget\" data-widget_type=\"text-editor.default\">\n\t\t\t\t\t\t\t\t\t<p><strong>Holger Roidl<\/strong><\/p><p>Zugf\u00fchrer Zug 1<\/p>\t\t\t\t\t\t\t\t<\/div>\n\t\t\t\t<\/div>\n\t\t<div class=\"elementor-element elementor-element-6c22d63 e-con-full e-flex wpr-particle-no wpr-jarallax-no wpr-parallax-no wpr-sticky-section-no e-con e-child\" data-id=\"6c22d63\" data-element_type=\"container\" data-e-type=\"container\">\n\t\t\t\t<div class=\"elementor-element elementor-element-a2ef218 elementor-widget elementor-widget-image\" data-id=\"a2ef218\" data-element_type=\"widget\" data-e-type=\"widget\" data-widget_type=\"image.default\">\n\t\t\t\t\t\t\t\t\t\t\t\t\t\t\t<img loading=\"lazy\" decoding=\"async\" width=\"683\" height=\"1024\" src=\"https:\/\/feuerwehr-schwandorf.de\/wp-content\/uploads\/2025\/01\/Mandl_Christian-683x1024.jpg\" class=\"attachment-large size-large wp-image-385\" alt=\"\" srcset=\"https:\/\/feuerwehr-schwandorf.de\/wp-content\/uploads\/2025\/01\/Mandl_Christian-683x1024.jpg 683w, https:\/\/feuerwehr-schwandorf.de\/wp-content\/uploads\/2025\/01\/Mandl_Christian-200x300.jpg 200w, https:\/\/feuerwehr-schwandorf.de\/wp-content\/uploads\/2025\/01\/Mandl_Christian-768x1152.jpg 768w, https:\/\/feuerwehr-schwandorf.de\/wp-content\/uploads\/2025\/01\/Mandl_Christian.jpg 800w\" sizes=\"(max-width: 683px) 100vw, 683px\" \/>\t\t\t\t\t\t\t\t\t\t\t\t\t\t\t<\/div>\n\t\t\t\t<div class=\"elementor-element elementor-element-2a43c76 elementor-widget elementor-widget-text-editor\" data-id=\"2a43c76\" data-element_type=\"widget\" data-e-type=\"widget\" data-widget_type=\"text-editor.default\">\n\t\t\t\t\t\t\t\t\t<p><span style=\"color: var( --e-global-color-text ); font-family: var( --e-global-typography-text-font-family ), Sans-serif; text-align: var(--text-align); font-size: 1rem;\"><b>Christian Mandl<\/b><\/span><\/p><p><span style=\"color: var( --e-global-color-text ); font-family: var( --e-global-typography-text-font-family ), Sans-serif; font-weight: var( --e-global-typography-text-font-weight ); text-align: var(--text-align); font-size: 1rem;\">Zugf\u00fchrer Zug 2<\/span><\/p>\t\t\t\t\t\t\t\t<\/div>\n\t\t\t\t<\/div>\n\t\t\t\t\t<\/div>\n\t\t\t\t<\/div>\n\t\t<div class=\"elementor-element elementor-element-3ad54dc e-flex e-con-boxed wpr-particle-no wpr-jarallax-no wpr-parallax-no wpr-sticky-section-no e-con e-parent\" data-id=\"3ad54dc\" data-element_type=\"container\" data-e-type=\"container\">\n\t\t\t\t\t<div class=\"e-con-inner\">\n\t\t<div class=\"elementor-element elementor-element-7de017f e-con-full e-flex wpr-particle-no wpr-jarallax-no wpr-parallax-no wpr-sticky-section-no e-con e-child\" data-id=\"7de017f\" data-element_type=\"container\" data-e-type=\"container\">\n\t\t\t\t<div class=\"elementor-element elementor-element-910ce4c elementor-widget elementor-widget-image\" data-id=\"910ce4c\" data-element_type=\"widget\" data-e-type=\"widget\" data-widget_type=\"image.default\">\n\t\t\t\t\t\t\t\t\t\t\t\t\t\t\t<img loading=\"lazy\" decoding=\"async\" width=\"683\" height=\"1024\" src=\"https:\/\/feuerwehr-schwandorf.de\/wp-content\/uploads\/2025\/01\/Dietz_Michael2-683x1024.jpg\" class=\"attachment-large size-large wp-image-386\" alt=\"\" srcset=\"https:\/\/feuerwehr-schwandorf.de\/wp-content\/uploads\/2025\/01\/Dietz_Michael2-683x1024.jpg 683w, https:\/\/feuerwehr-schwandorf.de\/wp-content\/uploads\/2025\/01\/Dietz_Michael2-200x300.jpg 200w, https:\/\/feuerwehr-schwandorf.de\/wp-content\/uploads\/2025\/01\/Dietz_Michael2-768x1152.jpg 768w, https:\/\/feuerwehr-schwandorf.de\/wp-content\/uploads\/2025\/01\/Dietz_Michael2.jpg 800w\" sizes=\"(max-width: 683px) 100vw, 683px\" \/>\t\t\t\t\t\t\t\t\t\t\t\t\t\t\t<\/div>\n\t\t\t\t<div class=\"elementor-element elementor-element-2a0f6d8 elementor-widget elementor-widget-text-editor\" data-id=\"2a0f6d8\" data-element_type=\"widget\" data-e-type=\"widget\" data-widget_type=\"text-editor.default\">\n\t\t\t\t\t\t\t\t\t<p><strong>Michael Dietz<\/strong><\/p>\n<p>Gruppenf\u00fchrer<\/p>\n<p>Jugendwart&nbsp;<\/p>\t\t\t\t\t\t\t\t<\/div>\n\t\t\t\t<\/div>\n\t\t<div class=\"elementor-element elementor-element-df44b63 e-con-full e-flex wpr-particle-no wpr-jarallax-no wpr-parallax-no wpr-sticky-section-no e-con e-child\" data-id=\"df44b63\" data-element_type=\"container\" data-e-type=\"container\">\n\t\t\t\t<div class=\"elementor-element elementor-element-5442d7a elementor-widget elementor-widget-image\" data-id=\"5442d7a\" data-element_type=\"widget\" data-e-type=\"widget\" data-widget_type=\"image.default\">\n\t\t\t\t\t\t\t\t\t\t\t\t\t\t\t<img loading=\"lazy\" decoding=\"async\" width=\"683\" height=\"1024\" src=\"https:\/\/feuerwehr-schwandorf.de\/wp-content\/uploads\/2025\/01\/Gillweit_Michael-683x1024.jpg\" class=\"attachment-large size-large wp-image-406\" alt=\"\" srcset=\"https:\/\/feuerwehr-schwandorf.de\/wp-content\/uploads\/2025\/01\/Gillweit_Michael-683x1024.jpg 683w, https:\/\/feuerwehr-schwandorf.de\/wp-content\/uploads\/2025\/01\/Gillweit_Michael-200x300.jpg 200w, https:\/\/feuerwehr-schwandorf.de\/wp-content\/uploads\/2025\/01\/Gillweit_Michael-768x1152.jpg 768w, https:\/\/feuerwehr-schwandorf.de\/wp-content\/uploads\/2025\/01\/Gillweit_Michael.jpg 800w\" sizes=\"(max-width: 683px) 100vw, 683px\" \/>\t\t\t\t\t\t\t\t\t\t\t\t\t\t\t<\/div>\n\t\t\t\t<div class=\"elementor-element elementor-element-ad1ac20 elementor-widget elementor-widget-text-editor\" data-id=\"ad1ac20\" data-element_type=\"widget\" data-e-type=\"widget\" data-widget_type=\"text-editor.default\">\n\t\t\t\t\t\t\t\t\t<p><strong>Michael Gillweit<\/strong><\/p><p>Gruppenf\u00fchrer<\/p>\t\t\t\t\t\t\t\t<\/div>\n\t\t\t\t<\/div>\n\t\t\t\t\t<\/div>\n\t\t\t\t<\/div>\n\t\t<div class=\"elementor-element elementor-element-1cfd149 e-flex e-con-boxed wpr-particle-no wpr-jarallax-no wpr-parallax-no wpr-sticky-section-no e-con e-parent\" data-id=\"1cfd149\" data-element_type=\"container\" data-e-type=\"container\">\n\t\t\t\t\t<div class=\"e-con-inner\">\n\t\t<div class=\"elementor-element elementor-element-51af343 e-con-full e-flex wpr-particle-no wpr-jarallax-no wpr-parallax-no wpr-sticky-section-no e-con e-child\" data-id=\"51af343\" data-element_type=\"container\" data-e-type=\"container\">\n\t\t\t\t<div class=\"elementor-element elementor-element-6721a21 elementor-widget elementor-widget-image\" data-id=\"6721a21\" data-element_type=\"widget\" data-e-type=\"widget\" data-widget_type=\"image.default\">\n\t\t\t\t\t\t\t\t\t\t\t\t\t\t\t<img loading=\"lazy\" decoding=\"async\" width=\"683\" height=\"1024\" src=\"https:\/\/feuerwehr-schwandorf.de\/wp-content\/uploads\/2025\/01\/Schuster_Markus-683x1024.jpg\" class=\"attachment-large size-large wp-image-388\" alt=\"\" srcset=\"https:\/\/feuerwehr-schwandorf.de\/wp-content\/uploads\/2025\/01\/Schuster_Markus-683x1024.jpg 683w, https:\/\/feuerwehr-schwandorf.de\/wp-content\/uploads\/2025\/01\/Schuster_Markus-200x300.jpg 200w, https:\/\/feuerwehr-schwandorf.de\/wp-content\/uploads\/2025\/01\/Schuster_Markus-768x1152.jpg 768w, https:\/\/feuerwehr-schwandorf.de\/wp-content\/uploads\/2025\/01\/Schuster_Markus.jpg 800w\" sizes=\"(max-width: 683px) 100vw, 683px\" \/>\t\t\t\t\t\t\t\t\t\t\t\t\t\t\t<\/div>\n\t\t\t\t<div class=\"elementor-element elementor-element-954dd9d elementor-widget elementor-widget-text-editor\" data-id=\"954dd9d\" data-element_type=\"widget\" data-e-type=\"widget\" data-widget_type=\"text-editor.default\">\n\t\t\t\t\t\t\t\t\t<p><strong>Markus Schuster<\/strong><\/p>\n<p>Gruppenf\u00fchrer<\/p>\t\t\t\t\t\t\t\t<\/div>\n\t\t\t\t<\/div>\n\t\t<div class=\"elementor-element elementor-element-1f0ebea e-con-full e-flex wpr-particle-no wpr-jarallax-no wpr-parallax-no wpr-sticky-section-no e-con e-child\" data-id=\"1f0ebea\" data-element_type=\"container\" data-e-type=\"container\">\n\t\t\t\t<div class=\"elementor-element elementor-element-32c5b1f elementor-widget elementor-widget-image\" data-id=\"32c5b1f\" data-element_type=\"widget\" data-e-type=\"widget\" data-widget_type=\"image.default\">\n\t\t\t\t\t\t\t\t\t\t\t\t\t\t\t<img loading=\"lazy\" decoding=\"async\" width=\"683\" height=\"1024\" src=\"https:\/\/feuerwehr-schwandorf.de\/wp-content\/uploads\/2025\/01\/Furtwengler_Michael-683x1024.jpg\" class=\"attachment-large size-large wp-image-404\" alt=\"\" srcset=\"https:\/\/feuerwehr-schwandorf.de\/wp-content\/uploads\/2025\/01\/Furtwengler_Michael-683x1024.jpg 683w, https:\/\/feuerwehr-schwandorf.de\/wp-content\/uploads\/2025\/01\/Furtwengler_Michael-200x300.jpg 200w, https:\/\/feuerwehr-schwandorf.de\/wp-content\/uploads\/2025\/01\/Furtwengler_Michael-768x1152.jpg 768w, https:\/\/feuerwehr-schwandorf.de\/wp-content\/uploads\/2025\/01\/Furtwengler_Michael.jpg 800w\" sizes=\"(max-width: 683px) 100vw, 683px\" \/>\t\t\t\t\t\t\t\t\t\t\t\t\t\t\t<\/div>\n\t\t\t\t<div class=\"elementor-element elementor-element-40cf53b elementor-widget elementor-widget-text-editor\" data-id=\"40cf53b\" data-element_type=\"widget\" data-e-type=\"widget\" data-widget_type=\"text-editor.default\">\n\t\t\t\t\t\t\t\t\t<p><strong>Michael Furtwengler<\/strong><\/p><p>Gruppenf\u00fchrer<\/p>\t\t\t\t\t\t\t\t<\/div>\n\t\t\t\t<\/div>\n\t\t\t\t\t<\/div>\n\t\t\t\t<\/div>\n\t\t<div class=\"elementor-element elementor-element-f48e9ab e-flex e-con-boxed wpr-particle-no wpr-jarallax-no wpr-parallax-no wpr-sticky-section-no e-con e-parent\" data-id=\"f48e9ab\" data-element_type=\"container\" data-e-type=\"container\">\n\t\t\t\t\t<div class=\"e-con-inner\">\n\t\t<div class=\"elementor-element elementor-element-8eb887b e-con-full e-flex wpr-particle-no wpr-jarallax-no wpr-parallax-no wpr-sticky-section-no e-con e-child\" data-id=\"8eb887b\" data-element_type=\"container\" data-e-type=\"container\">\n\t\t\t\t<div class=\"elementor-element elementor-element-f60ee94 elementor-widget elementor-widget-image\" data-id=\"f60ee94\" data-element_type=\"widget\" data-e-type=\"widget\" data-widget_type=\"image.default\">\n\t\t\t\t\t\t\t\t\t\t\t\t\t\t\t<img loading=\"lazy\" decoding=\"async\" width=\"683\" height=\"1024\" src=\"https:\/\/feuerwehr-schwandorf.de\/wp-content\/uploads\/2025\/01\/Brandl_Klaus-683x1024.jpg\" class=\"attachment-large size-large wp-image-402\" alt=\"\" srcset=\"https:\/\/feuerwehr-schwandorf.de\/wp-content\/uploads\/2025\/01\/Brandl_Klaus-683x1024.jpg 683w, https:\/\/feuerwehr-schwandorf.de\/wp-content\/uploads\/2025\/01\/Brandl_Klaus-200x300.jpg 200w, https:\/\/feuerwehr-schwandorf.de\/wp-content\/uploads\/2025\/01\/Brandl_Klaus-768x1152.jpg 768w, https:\/\/feuerwehr-schwandorf.de\/wp-content\/uploads\/2025\/01\/Brandl_Klaus.jpg 800w\" sizes=\"(max-width: 683px) 100vw, 683px\" \/>\t\t\t\t\t\t\t\t\t\t\t\t\t\t\t<\/div>\n\t\t\t\t<div class=\"elementor-element elementor-element-77c0011 elementor-widget elementor-widget-text-editor\" data-id=\"77c0011\" data-element_type=\"widget\" data-e-type=\"widget\" data-widget_type=\"text-editor.default\">\n\t\t\t\t\t\t\t\t\t<p><strong>Klaus Brandl<\/strong><\/p><p><span style=\"font-size: 1rem;\">Gruppenf\u00fchrer<\/span><\/p>\t\t\t\t\t\t\t\t<\/div>\n\t\t\t\t<\/div>\n\t\t<div class=\"elementor-element elementor-element-8a0ccc3 e-con-full e-flex wpr-particle-no wpr-jarallax-no wpr-parallax-no wpr-sticky-section-no e-con e-child\" data-id=\"8a0ccc3\" data-element_type=\"container\" data-e-type=\"container\">\n\t\t\t\t<div class=\"elementor-element elementor-element-d117dcf elementor-widget elementor-widget-image\" data-id=\"d117dcf\" data-element_type=\"widget\" data-e-type=\"widget\" data-widget_type=\"image.default\">\n\t\t\t\t\t\t\t\t\t\t\t\t\t\t\t<img loading=\"lazy\" decoding=\"async\" width=\"683\" height=\"1024\" src=\"https:\/\/feuerwehr-schwandorf.de\/wp-content\/uploads\/2025\/01\/Stiegler_Bastian-683x1024.jpg\" class=\"attachment-large size-large wp-image-403\" alt=\"\" srcset=\"https:\/\/feuerwehr-schwandorf.de\/wp-content\/uploads\/2025\/01\/Stiegler_Bastian-683x1024.jpg 683w, https:\/\/feuerwehr-schwandorf.de\/wp-content\/uploads\/2025\/01\/Stiegler_Bastian-200x300.jpg 200w, https:\/\/feuerwehr-schwandorf.de\/wp-content\/uploads\/2025\/01\/Stiegler_Bastian-768x1152.jpg 768w, https:\/\/feuerwehr-schwandorf.de\/wp-content\/uploads\/2025\/01\/Stiegler_Bastian.jpg 800w\" sizes=\"(max-width: 683px) 100vw, 683px\" \/>\t\t\t\t\t\t\t\t\t\t\t\t\t\t\t<\/div>\n\t\t\t\t<div class=\"elementor-element elementor-element-5cdcaad elementor-widget elementor-widget-text-editor\" data-id=\"5cdcaad\" data-element_type=\"widget\" data-e-type=\"widget\" data-widget_type=\"text-editor.default\">\n\t\t\t\t\t\t\t\t\t<p><strong>Bastian Stiegler<\/strong><\/p><p>Gruppenf\u00fchrer<\/p>\t\t\t\t\t\t\t\t<\/div>\n\t\t\t\t<\/div>\n\t\t\t\t\t<\/div>\n\t\t\t\t<\/div>\n\t\t<div class=\"elementor-element elementor-element-655a710 e-flex e-con-boxed wpr-particle-no wpr-jarallax-no wpr-parallax-no wpr-sticky-section-no e-con e-parent\" data-id=\"655a710\" data-element_type=\"container\" data-e-type=\"container\">\n\t\t\t\t\t<div class=\"e-con-inner\">\n\t\t<div class=\"elementor-element elementor-element-d8396fa e-con-full e-flex wpr-particle-no wpr-jarallax-no wpr-parallax-no wpr-sticky-section-no e-con e-child\" data-id=\"d8396fa\" data-element_type=\"container\" data-e-type=\"container\">\n\t\t\t\t<div class=\"elementor-element elementor-element-6d517b9 elementor-widget elementor-widget-image\" data-id=\"6d517b9\" data-element_type=\"widget\" data-e-type=\"widget\" data-widget_type=\"image.default\">\n\t\t\t\t\t\t\t\t\t\t\t\t\t\t\t<img decoding=\"async\" src=\"https:\/\/ffschwandorf.de\/wp-content\/uploads\/2026\/01\/Eichinger-Florian-scaled.jpg\" title=\"\" alt=\"\" loading=\"lazy\" \/>\t\t\t\t\t\t\t\t\t\t\t\t\t\t\t<\/div>\n\t\t\t\t<div class=\"elementor-element elementor-element-96b974c elementor-widget elementor-widget-text-editor\" data-id=\"96b974c\" data-element_type=\"widget\" data-e-type=\"widget\" data-widget_type=\"text-editor.default\">\n\t\t\t\t\t\t\t\t\t<p><strong>Florian Eichinger<\/strong><\/p><p>Gruppenf\u00fchrer<\/p>\t\t\t\t\t\t\t\t<\/div>\n\t\t\t\t<\/div>\n\t\t<div class=\"elementor-element elementor-element-9c53bc6 e-con-full e-flex wpr-particle-no wpr-jarallax-no wpr-parallax-no wpr-sticky-section-no e-con e-child\" data-id=\"9c53bc6\" data-element_type=\"container\" data-e-type=\"container\">\n\t\t\t\t<div class=\"elementor-element elementor-element-3821ac9 elementor-widget elementor-widget-image\" data-id=\"3821ac9\" data-element_type=\"widget\" data-e-type=\"widget\" data-widget_type=\"image.default\">\n\t\t\t\t\t\t\t\t\t\t\t\t\t\t\t<img decoding=\"async\" src=\"https:\/\/ffschwandorf.de\/wp-content\/uploads\/2026\/01\/Schindler-Marco-scaled.jpg\" title=\"\" alt=\"\" loading=\"lazy\" \/>\t\t\t\t\t\t\t\t\t\t\t\t\t\t\t<\/div>\n\t\t\t\t<div class=\"elementor-element elementor-element-3406b03 elementor-widget elementor-widget-text-editor\" data-id=\"3406b03\" data-element_type=\"widget\" data-e-type=\"widget\" data-widget_type=\"text-editor.default\">\n\t\t\t\t\t\t\t\t\t<p><strong>Marco Schindler<\/strong><\/p><p>Gruppenf\u00fchrer<\/p>\t\t\t\t\t\t\t\t<\/div>\n\t\t\t\t<\/div>\n\t\t\t\t\t<\/div>\n\t\t\t\t<\/div>\n\t\t\t\t<\/div>\n\t\t","protected":false},"excerpt":{"rendered":"<p>F\u00fchrung der Aktiven Mannschaft Klaus Brunner Stadtbrandinspektor (SBI) Kommandant E-Mail: sbi@ffschwandorf.de Roland Krettner Stadtbrandmeister (SBM) Stv. Kommandant E-Mail: sbm@ffschwandorf.de Holger Roidl Zugf\u00fchrer Zug 1 Christian Mandl Zugf\u00fchrer Zug 2 Michael Dietz Gruppenf\u00fchrer Jugendwart&nbsp; Michael Gillweit Gruppenf\u00fchrer Markus Schuster Gruppenf\u00fchrer Michael Furtwengler Gruppenf\u00fchrer Klaus Brandl Gruppenf\u00fchrer Bastian Stiegler Gruppenf\u00fchrer Florian Eichinger Gruppenf\u00fchrer Marco Schindler Gruppenf\u00fchrer<\/p>\n","protected":false},"author":1,"featured_media":0,"parent":0,"menu_order":0,"comment_status":"closed","ping_status":"closed","template":"","meta":{"footnotes":""},"class_list":["post-381","page","type-page","status-publish","hentry"],"_links":{"self":[{"href":"https:\/\/feuerwehr-schwandorf.de\/index.php?rest_route=\/wp\/v2\/pages\/381","targetHints":{"allow":["GET"]}}],"collection":[{"href":"https:\/\/feuerwehr-schwandorf.de\/index.php?rest_route=\/wp\/v2\/pages"}],"about":[{"href":"https:\/\/feuerwehr-schwandorf.de\/index.php?rest_route=\/wp\/v2\/types\/page"}],"author":[{"embeddable":true,"href":"https:\/\/feuerwehr-schwandorf.de\/index.php?rest_route=\/wp\/v2\/users\/1"}],"replies":[{"embeddable":true,"href":"https:\/\/feuerwehr-schwandorf.de\/index.php?rest_route=%2Fwp%2Fv2%2Fcomments&post=381"}],"version-history":[{"count":3,"href":"https:\/\/feuerwehr-schwandorf.de\/index.php?rest_route=\/wp\/v2\/pages\/381\/revisions"}],"predecessor-version":[{"id":4035,"href":"https:\/\/feuerwehr-schwandorf.de\/index.php?rest_route=\/wp\/v2\/pages\/381\/revisions\/4035"}],"wp:attachment":[{"href":"https:\/\/feuerwehr-schwandorf.de\/index.php?rest_route=%2Fwp%2Fv2%2Fmedia&parent=381"}],"curies":[{"name":"wp","href":"https:\/\/api.w.org\/{rel}","templated":true}]}}