{"id":3968,"date":"2025-01-22T13:20:29","date_gmt":"2025-01-22T12:20:29","guid":{"rendered":"https:\/\/ffschwandorf.de\/?page_id=2"},"modified":"2026-03-02T20:12:15","modified_gmt":"2026-03-02T20:12:15","slug":"beispiel-seite","status":"publish","type":"page","link":"https:\/\/feuerwehr-schwandorf.de\/","title":{"rendered":"Startseite"},"content":{"rendered":"\t\t<div data-elementor-type=\"wp-page\" data-elementor-id=\"3968\" class=\"elementor elementor-3968\" data-elementor-post-type=\"page\">\n\t\t\t\t<div class=\"elementor-element elementor-element-b9ca728 e-con-full e-flex wpr-particle-no wpr-jarallax-no wpr-parallax-no wpr-sticky-section-no e-con e-parent\" data-id=\"b9ca728\" data-element_type=\"container\" data-e-type=\"container\" data-settings=\"{&quot;background_background&quot;:&quot;slideshow&quot;,&quot;background_slideshow_gallery&quot;:[{&quot;id&quot;:11,&quot;url&quot;:&quot;https:\\\/\\\/ffschwandorf.de\\\/wp-content\\\/uploads\\\/2025\\\/01\\\/469589919_891537359817343_2954498297074593696_n.jpg&quot;},{&quot;id&quot;:2522,&quot;url&quot;:&quot;https:\\\/\\\/ffschwandorf.de\\\/wp-content\\\/uploads\\\/2025\\\/12\\\/sad-km-ffw-scaled.jpg&quot;},{&quot;id&quot;:2507,&quot;url&quot;:&quot;https:\\\/\\\/ffschwandorf.de\\\/wp-content\\\/uploads\\\/2025\\\/12\\\/CLY3753-scaled.jpg&quot;},{&quot;id&quot;:1735,&quot;url&quot;:&quot;https:\\\/\\\/ffschwandorf.de\\\/wp-content\\\/uploads\\\/2025\\\/04\\\/487105836_964950832475995_5932222986380996410_n.jpg&quot;},{&quot;id&quot;:2517,&quot;url&quot;:&quot;https:\\\/\\\/ffschwandorf.de\\\/wp-content\\\/uploads\\\/2025\\\/12\\\/Hoegling-1-scaled.jpg&quot;},{&quot;id&quot;:2806,&quot;url&quot;:&quot;https:\\\/\\\/ffschwandorf.de\\\/wp-content\\\/uploads\\\/2026\\\/01\\\/FF-SAD-Bild-Nr.-24-\\u00a9-2024-Daniel-Seger-Moods-Photography-scaled.jpg&quot;},{&quot;id&quot;:2526,&quot;url&quot;:&quot;https:\\\/\\\/ffschwandorf.de\\\/wp-content\\\/uploads\\\/2025\\\/12\\\/Hochrainstrasse-11-scaled.jpg&quot;},{&quot;id&quot;:2807,&quot;url&quot;:&quot;https:\\\/\\\/ffschwandorf.de\\\/wp-content\\\/uploads\\\/2026\\\/01\\\/PXL_20250912_170638084-scaled.jpg&quot;}],&quot;background_slideshow_slide_duration&quot;:2500,&quot;background_slideshow_lazyload&quot;:&quot;yes&quot;,&quot;background_slideshow_ken_burns&quot;:&quot;yes&quot;,&quot;background_slideshow_transition_duration&quot;:6000,&quot;background_slideshow_loop&quot;:&quot;yes&quot;,&quot;background_slideshow_slide_transition&quot;:&quot;fade&quot;,&quot;background_slideshow_ken_burns_zoom_direction&quot;:&quot;in&quot;}\">\n\t\t\t\t<div class=\"elementor-element elementor-element-787afd0 elementor-widget elementor-widget-spacer\" data-id=\"787afd0\" data-element_type=\"widget\" data-e-type=\"widget\" data-widget_type=\"spacer.default\">\n\t\t\t\t\t\t\t<div class=\"elementor-spacer\">\n\t\t\t<div class=\"elementor-spacer-inner\"><\/div>\n\t\t<\/div>\n\t\t\t\t\t\t<\/div>\n\t\t\t\t<\/div>\n\t\t<div class=\"elementor-element elementor-element-f232da9 e-flex e-con-boxed wpr-particle-no wpr-jarallax-no wpr-parallax-no wpr-sticky-section-no e-con e-parent\" data-id=\"f232da9\" data-element_type=\"container\" data-e-type=\"container\">\n\t\t\t\t\t<div class=\"e-con-inner\">\n\t\t<div class=\"elementor-element elementor-element-056b924 e-con-full e-flex wpr-particle-no wpr-jarallax-no wpr-parallax-no wpr-sticky-section-no e-con e-child\" data-id=\"056b924\" data-element_type=\"container\" data-e-type=\"container\">\n\t\t\t\t<div class=\"elementor-element elementor-element-822a657 elementor-widget elementor-widget-heading\" data-id=\"822a657\" data-element_type=\"widget\" data-e-type=\"widget\" data-widget_type=\"heading.default\">\n\t\t\t\t\t<h2 class=\"elementor-heading-title elementor-size-default\">Jugendfeuerwehr <\/h2>\t\t\t\t<\/div>\n\t\t\t\t<div class=\"elementor-element elementor-element-ddf7b7d elementor-widget elementor-widget-image\" data-id=\"ddf7b7d\" data-element_type=\"widget\" data-e-type=\"widget\" data-widget_type=\"image.default\">\n\t\t\t\t\t\t\t\t\t\t\t\t\t\t\t<img fetchpriority=\"high\" decoding=\"async\" width=\"207\" height=\"300\" src=\"https:\/\/feuerwehr-schwandorf.de\/wp-content\/uploads\/2025\/01\/379447660_626322703005478_2962308272700782990_n-207x300.jpg\" class=\"attachment-medium size-medium wp-image-37\" alt=\"\" srcset=\"https:\/\/feuerwehr-schwandorf.de\/wp-content\/uploads\/2025\/01\/379447660_626322703005478_2962308272700782990_n-207x300.jpg 207w, https:\/\/feuerwehr-schwandorf.de\/wp-content\/uploads\/2025\/01\/379447660_626322703005478_2962308272700782990_n-705x1024.jpg 705w, https:\/\/feuerwehr-schwandorf.de\/wp-content\/uploads\/2025\/01\/379447660_626322703005478_2962308272700782990_n-768x1116.jpg 768w, https:\/\/feuerwehr-schwandorf.de\/wp-content\/uploads\/2025\/01\/379447660_626322703005478_2962308272700782990_n-1058x1536.jpg 1058w, https:\/\/feuerwehr-schwandorf.de\/wp-content\/uploads\/2025\/01\/379447660_626322703005478_2962308272700782990_n.jpg 1410w\" sizes=\"(max-width: 207px) 100vw, 207px\" \/>\t\t\t\t\t\t\t\t\t\t\t\t\t\t\t<\/div>\n\t\t\t\t<div class=\"elementor-element elementor-element-a24163e elementor-widget elementor-widget-text-editor\" data-id=\"a24163e\" data-element_type=\"widget\" data-e-type=\"widget\" data-widget_type=\"text-editor.default\">\n\t\t\t\t\t\t\t\t\t<p>Ohne Nachwuchs geht es nicht!<\/p><p>Du hast Lust auf eine tolle Gemeinschaft und m\u00f6chtest mehr \u00fcber die Feuerwehr lernen.\u00a0<\/p><p>Dann informiere dich hier:\u00a0<\/p>\t\t\t\t\t\t\t\t<\/div>\n\t\t\t\t<div class=\"elementor-element elementor-element-523fea4 elementor-align-center elementor-widget elementor-widget-button\" data-id=\"523fea4\" data-element_type=\"widget\" data-e-type=\"widget\" data-widget_type=\"button.default\">\n\t\t\t\t\t\t\t\t\t\t<a class=\"elementor-button elementor-button-link elementor-size-sm\" href=\"https:\/\/ffschwandorf.de\/mach-mit-jf\/\">\n\t\t\t\t\t\t<span class=\"elementor-button-content-wrapper\">\n\t\t\t\t\t\t\t\t\t<span class=\"elementor-button-text\">Mehr Informationen<\/span>\n\t\t\t\t\t<\/span>\n\t\t\t\t\t<\/a>\n\t\t\t\t\t\t\t\t<\/div>\n\t\t\t\t<\/div>\n\t\t<div class=\"elementor-element elementor-element-c8d8167 e-con-full e-flex wpr-particle-no wpr-jarallax-no wpr-parallax-no wpr-sticky-section-no e-con e-child\" data-id=\"c8d8167\" data-element_type=\"container\" data-e-type=\"container\">\n\t\t\t\t<div class=\"elementor-element elementor-element-cc5dd31 elementor-widget elementor-widget-heading\" data-id=\"cc5dd31\" data-element_type=\"widget\" data-e-type=\"widget\" data-widget_type=\"heading.default\">\n\t\t\t\t\t<h2 class=\"elementor-heading-title elementor-size-default\">Aktive Mannschaft<\/h2>\t\t\t\t<\/div>\n\t\t\t\t<div class=\"elementor-element elementor-element-375b242 elementor-widget elementor-widget-image\" data-id=\"375b242\" data-element_type=\"widget\" data-e-type=\"widget\" data-widget_type=\"image.default\">\n\t\t\t\t\t\t\t\t\t\t\t\t\t\t\t<img decoding=\"async\" width=\"800\" height=\"600\" src=\"https:\/\/feuerwehr-schwandorf.de\/wp-content\/uploads\/2025\/01\/407131635_667137538923994_6685238607106136718_n-1024x768.jpg\" class=\"attachment-large size-large wp-image-38\" alt=\"\" srcset=\"https:\/\/feuerwehr-schwandorf.de\/wp-content\/uploads\/2025\/01\/407131635_667137538923994_6685238607106136718_n-1024x768.jpg 1024w, https:\/\/feuerwehr-schwandorf.de\/wp-content\/uploads\/2025\/01\/407131635_667137538923994_6685238607106136718_n-300x225.jpg 300w, https:\/\/feuerwehr-schwandorf.de\/wp-content\/uploads\/2025\/01\/407131635_667137538923994_6685238607106136718_n-768x576.jpg 768w, https:\/\/feuerwehr-schwandorf.de\/wp-content\/uploads\/2025\/01\/407131635_667137538923994_6685238607106136718_n-1536x1152.jpg 1536w, https:\/\/feuerwehr-schwandorf.de\/wp-content\/uploads\/2025\/01\/407131635_667137538923994_6685238607106136718_n.jpg 2048w\" sizes=\"(max-width: 800px) 100vw, 800px\" \/>\t\t\t\t\t\t\t\t\t\t\t\t\t\t\t<\/div>\n\t\t\t\t<div class=\"elementor-element elementor-element-c7192f3 elementor-widget elementor-widget-text-editor\" data-id=\"c7192f3\" data-element_type=\"widget\" data-e-type=\"widget\" data-widget_type=\"text-editor.default\">\n\t\t\t\t\t\t\t\t\t<p>Ohne weitere Kr\u00e4fte geht es nicht!<\/p><p>Um den Brandschutz in Schwandorf und den umliegenden Gemeinden sicher zu stellen.\u00a0\u00a0<\/p>\t\t\t\t\t\t\t\t<\/div>\n\t\t\t\t<div class=\"elementor-element elementor-element-e2d8f2c elementor-widget elementor-widget-text-editor\" data-id=\"e2d8f2c\" data-element_type=\"widget\" data-e-type=\"widget\" data-widget_type=\"text-editor.default\">\n\t\t\t\t\t\t\t\t\t<p>Brauchen wir dich!<\/p>\t\t\t\t\t\t\t\t<\/div>\n\t\t\t\t<div class=\"elementor-element elementor-element-2a8e6f5 elementor-widget elementor-widget-text-editor\" data-id=\"2a8e6f5\" data-element_type=\"widget\" data-e-type=\"widget\" data-widget_type=\"text-editor.default\">\n\t\t\t\t\t\t\t\t\t<p>Du hast Interesse am Feuerwehrdienst und suchst eine gute Kameradschaft. Dann informiere dich hier.<\/p>\t\t\t\t\t\t\t\t<\/div>\n\t\t\t\t<div class=\"elementor-element elementor-element-31f8682 elementor-align-center elementor-widget elementor-widget-button\" data-id=\"31f8682\" data-element_type=\"widget\" data-e-type=\"widget\" data-widget_type=\"button.default\">\n\t\t\t\t\t\t\t\t\t\t<a class=\"elementor-button elementor-button-link elementor-size-sm\" href=\"https:\/\/ffschwandorf.de\/mach-mit-aktive\/\">\n\t\t\t\t\t\t<span class=\"elementor-button-content-wrapper\">\n\t\t\t\t\t\t\t\t\t<span class=\"elementor-button-text\">Mehr Informationen<\/span>\n\t\t\t\t\t<\/span>\n\t\t\t\t\t<\/a>\n\t\t\t\t\t\t\t\t<\/div>\n\t\t\t\t<\/div>\n\t\t<div class=\"elementor-element elementor-element-e89e784 e-con-full e-flex wpr-particle-no wpr-jarallax-no wpr-parallax-no wpr-sticky-section-no e-con e-child\" data-id=\"e89e784\" data-element_type=\"container\" data-e-type=\"container\">\n\t\t\t\t<div class=\"elementor-element elementor-element-d9e1c23 elementor-widget elementor-widget-heading\" data-id=\"d9e1c23\" data-element_type=\"widget\" data-e-type=\"widget\" data-widget_type=\"heading.default\">\n\t\t\t\t\t<h2 class=\"elementor-heading-title elementor-size-default\">Kinderfeuerwehr<\/h2>\t\t\t\t<\/div>\n\t\t\t\t<div class=\"elementor-element elementor-element-a9d5fe8 elementor-widget elementor-widget-image\" data-id=\"a9d5fe8\" data-element_type=\"widget\" data-e-type=\"widget\" data-widget_type=\"image.default\">\n\t\t\t\t\t\t\t\t\t\t\t\t\t\t\t<img decoding=\"async\" src=\"https:\/\/ffschwandorf.de\/wp-content\/uploads\/2026\/01\/20230503_173643-scaled.jpg\" title=\"\" alt=\"\" loading=\"lazy\" \/>\t\t\t\t\t\t\t\t\t\t\t\t\t\t\t<\/div>\n\t\t\t\t<div class=\"elementor-element elementor-element-c3accac elementor-widget elementor-widget-text-editor\" data-id=\"c3accac\" data-element_type=\"widget\" data-e-type=\"widget\" data-widget_type=\"text-editor.default\">\n\t\t\t\t\t\t\t\t\t<p>Ohne Nachwuchs geht es nicht!<\/p><p>Auch die Kleinsten werden bei uns spielerisch an den Brandschutz herangef\u00fchrt.\u00a0<span style=\"font-size: 1rem;\">\u00a0<\/span><\/p><p>Wenn nun das Interesse geweckt wurde, dann bitte hier informieren.<\/p>\t\t\t\t\t\t\t\t<\/div>\n\t\t\t\t<div class=\"elementor-element elementor-element-0c367de elementor-mobile-align-center elementor-widget elementor-widget-button\" data-id=\"0c367de\" data-element_type=\"widget\" data-e-type=\"widget\" data-widget_type=\"button.default\">\n\t\t\t\t\t\t\t\t\t\t<a class=\"elementor-button elementor-button-link elementor-size-sm\" href=\"https:\/\/ffschwandorf.de\/mach-mit-kf\/\">\n\t\t\t\t\t\t<span class=\"elementor-button-content-wrapper\">\n\t\t\t\t\t\t\t\t\t<span class=\"elementor-button-text\">Mehr Informationen<\/span>\n\t\t\t\t\t<\/span>\n\t\t\t\t\t<\/a>\n\t\t\t\t\t\t\t\t<\/div>\n\t\t\t\t<\/div>\n\t\t\t\t\t<\/div>\n\t\t\t\t<\/div>\n\t\t<div class=\"elementor-element elementor-element-2e64f0a e-flex e-con-boxed wpr-particle-no wpr-jarallax-no wpr-parallax-no wpr-sticky-section-no e-con e-parent\" data-id=\"2e64f0a\" data-element_type=\"container\" data-e-type=\"container\">\n\t\t\t\t\t<div class=\"e-con-inner\">\n\t\t\t\t<div class=\"elementor-element elementor-element-2df5d93 elementor-widget elementor-widget-heading\" data-id=\"2df5d93\" data-element_type=\"widget\" data-e-type=\"widget\" data-widget_type=\"heading.default\">\n\t\t\t\t\t<h2 class=\"elementor-heading-title elementor-size-default\">Neueste Beitr\u00e4ge<\/h2>\t\t\t\t<\/div>\n\t\t\t\t<div class=\"elementor-element elementor-element-bea1cd7 elementor-grid-3 elementor-grid-tablet-2 elementor-grid-mobile-1 elementor-widget elementor-widget-portfolio\" data-id=\"bea1cd7\" data-element_type=\"widget\" data-e-type=\"widget\" data-settings=\"{&quot;row_gap&quot;:{&quot;unit&quot;:&quot;px&quot;,&quot;size&quot;:20,&quot;sizes&quot;:[]},&quot;columns&quot;:&quot;3&quot;,&quot;columns_tablet&quot;:&quot;2&quot;,&quot;columns_mobile&quot;:&quot;1&quot;,&quot;item_ratio&quot;:{&quot;unit&quot;:&quot;px&quot;,&quot;size&quot;:0.66,&quot;sizes&quot;:[]},&quot;item_gap&quot;:{&quot;unit&quot;:&quot;px&quot;,&quot;size&quot;:&quot;&quot;,&quot;sizes&quot;:[]}}\" data-widget_type=\"portfolio.default\">\n\t\t\t\t<div class=\"elementor-widget-container\">\n\t\t\t\t\t\t\t<div class=\"elementor-portfolio elementor-grid elementor-posts-container\" role=\"list\">\n\t\t\t\t<article class=\"elementor-portfolio-item elementor-post  post-3979 post type-post status-publish format-standard has-post-thumbnail hentry category-verein\" role=\"listitem\">\n\t\t\t<a class=\"elementor-post__thumbnail__link\" href=\"https:\/\/feuerwehr-schwandorf.de\/?p=3979\">\n\t\t\t\t<div class=\"elementor-portfolio-item__img elementor-post__thumbnail\">\n\t\t\t<img decoding=\"async\" width=\"150\" height=\"150\" src=\"https:\/\/feuerwehr-schwandorf.de\/wp-content\/uploads\/2026\/02\/Screenshot-3-1-1-150x150.png\" class=\"attachment-thumbnail size-thumbnail wp-image-4066\" alt=\"\" \/>\t\t<\/div>\n\t\t\t\t<div class=\"elementor-portfolio-item__overlay\">\n\t\t\t\t<h3 class=\"elementor-portfolio-item__title\">\n\t\tJahreshauptversammlung\t\t<\/h3>\n\t\t\t\t<\/div>\n\t\t\t\t<\/a>\n\t\t<\/article>\n\t\t\t\t<article class=\"elementor-portfolio-item elementor-post  post-3921 post type-post status-publish format-standard has-post-thumbnail hentry category-allgemein category-ffw tag-fasching\" role=\"listitem\">\n\t\t\t<a class=\"elementor-post__thumbnail__link\" href=\"https:\/\/feuerwehr-schwandorf.de\/?p=3921\">\n\t\t\t\t<div class=\"elementor-portfolio-item__img elementor-post__thumbnail\">\n\t\t\t\t\t<\/div>\n\t\t\t\t<div class=\"elementor-portfolio-item__overlay\">\n\t\t\t\t<h3 class=\"elementor-portfolio-item__title\">\n\t\tOstbayerischer Faschingszug 2026\t\t<\/h3>\n\t\t\t\t<\/div>\n\t\t\t\t<\/a>\n\t\t<\/article>\n\t\t\t\t<article class=\"elementor-portfolio-item elementor-post  post-3793 post type-post status-publish format-standard has-post-thumbnail hentry category-allgemein category-kf\" role=\"listitem\">\n\t\t\t<a class=\"elementor-post__thumbnail__link\" href=\"https:\/\/feuerwehr-schwandorf.de\/?p=3793\">\n\t\t\t\t<div class=\"elementor-portfolio-item__img elementor-post__thumbnail\">\n\t\t\t<img loading=\"lazy\" decoding=\"async\" width=\"150\" height=\"150\" src=\"https:\/\/feuerwehr-schwandorf.de\/wp-content\/uploads\/2026\/01\/Jfw-scaled-1-150x150.jpg\" class=\"attachment-thumbnail size-thumbnail wp-image-4058\" alt=\"\" \/>\t\t<\/div>\n\t\t\t\t<div class=\"elementor-portfolio-item__overlay\">\n\t\t\t\t<h3 class=\"elementor-portfolio-item__title\">\n\t\tVon der Kinder- zur Jugendfeuerwehr\t\t<\/h3>\n\t\t\t\t<\/div>\n\t\t\t\t<\/a>\n\t\t<\/article>\n\t\t\t\t<article class=\"elementor-portfolio-item elementor-post  post-3746 post type-post status-publish format-standard has-post-thumbnail hentry category-allgemein category-ffw\" role=\"listitem\">\n\t\t\t<a class=\"elementor-post__thumbnail__link\" href=\"https:\/\/feuerwehr-schwandorf.de\/?p=3746\">\n\t\t\t\t<div class=\"elementor-portfolio-item__img elementor-post__thumbnail\">\n\t\t\t\t\t<\/div>\n\t\t\t\t<div class=\"elementor-portfolio-item__overlay\">\n\t\t\t\t<h3 class=\"elementor-portfolio-item__title\">\n\t\tEisrettungs\u00fcbung\t\t<\/h3>\n\t\t\t\t<\/div>\n\t\t\t\t<\/a>\n\t\t<\/article>\n\t\t\t\t<article class=\"elementor-portfolio-item elementor-post  post-3727 post type-post status-publish format-standard has-post-thumbnail hentry category-allgemein category-verein\" role=\"listitem\">\n\t\t\t<a class=\"elementor-post__thumbnail__link\" href=\"https:\/\/feuerwehr-schwandorf.de\/?p=3727\">\n\t\t\t\t<div class=\"elementor-portfolio-item__img elementor-post__thumbnail\">\n\t\t\t\t\t<\/div>\n\t\t\t\t<div class=\"elementor-portfolio-item__overlay\">\n\t\t\t\t<h3 class=\"elementor-portfolio-item__title\">\n\t\tWinterparty\t\t<\/h3>\n\t\t\t\t<\/div>\n\t\t\t\t<\/a>\n\t\t<\/article>\n\t\t\t\t<article class=\"elementor-portfolio-item elementor-post  post-3714 post type-post status-publish format-standard has-post-thumbnail hentry category-allgemein category-jf\" role=\"listitem\">\n\t\t\t<a class=\"elementor-post__thumbnail__link\" href=\"https:\/\/feuerwehr-schwandorf.de\/?p=3714\">\n\t\t\t\t<div class=\"elementor-portfolio-item__img elementor-post__thumbnail\">\n\t\t\t\t\t<\/div>\n\t\t\t\t<div class=\"elementor-portfolio-item__overlay\">\n\t\t\t\t<h3 class=\"elementor-portfolio-item__title\">\n\t\tJugendfeuerwehr startet in 2026\t\t<\/h3>\n\t\t\t\t<\/div>\n\t\t\t\t<\/a>\n\t\t<\/article>\n\t\t\t\t<\/div>\n\t\t\t\t\t\t<\/div>\n\t\t\t\t<\/div>\n\t\t\t\t<div class=\"elementor-element elementor-element-a0398b4 elementor-hidden-desktop elementor-widget-divider--view-line elementor-widget elementor-widget-divider\" data-id=\"a0398b4\" data-element_type=\"widget\" data-e-type=\"widget\" data-widget_type=\"divider.default\">\n\t\t\t\t\t\t\t<div class=\"elementor-divider\">\n\t\t\t<span class=\"elementor-divider-separator\">\n\t\t\t\t\t\t<\/span>\n\t\t<\/div>\n\t\t\t\t\t\t<\/div>\n\t\t\t\t\t<\/div>\n\t\t\t\t<\/div>\n\t\t<div class=\"elementor-element elementor-element-985c593 e-flex e-con-boxed wpr-particle-no wpr-jarallax-no wpr-parallax-no wpr-sticky-section-no e-con e-parent\" data-id=\"985c593\" data-element_type=\"container\" data-e-type=\"container\">\n\t\t\t\t\t<div class=\"e-con-inner\">\n\t\t<div class=\"elementor-element elementor-element-50f753a e-con-full e-flex wpr-particle-no wpr-jarallax-no wpr-parallax-no wpr-sticky-section-no e-con e-child\" data-id=\"50f753a\" data-element_type=\"container\" data-e-type=\"container\">\n\t\t\t\t<div class=\"elementor-element elementor-element-9bd2540 elementor-widget elementor-widget-image\" data-id=\"9bd2540\" data-element_type=\"widget\" data-e-type=\"widget\" data-widget_type=\"image.default\">\n\t\t\t\t\t\t\t\t\t\t\t\t\t\t\t<img loading=\"lazy\" decoding=\"async\" width=\"800\" height=\"534\" src=\"https:\/\/feuerwehr-schwandorf.de\/wp-content\/uploads\/2025\/01\/456484949_818095217161558_3032532867316952954_n-1024x683.jpg\" class=\"attachment-large size-large wp-image-68\" alt=\"\" srcset=\"https:\/\/feuerwehr-schwandorf.de\/wp-content\/uploads\/2025\/01\/456484949_818095217161558_3032532867316952954_n-1024x683.jpg 1024w, https:\/\/feuerwehr-schwandorf.de\/wp-content\/uploads\/2025\/01\/456484949_818095217161558_3032532867316952954_n-300x200.jpg 300w, https:\/\/feuerwehr-schwandorf.de\/wp-content\/uploads\/2025\/01\/456484949_818095217161558_3032532867316952954_n-768x512.jpg 768w, https:\/\/feuerwehr-schwandorf.de\/wp-content\/uploads\/2025\/01\/456484949_818095217161558_3032532867316952954_n-1536x1024.jpg 1536w, https:\/\/feuerwehr-schwandorf.de\/wp-content\/uploads\/2025\/01\/456484949_818095217161558_3032532867316952954_n.jpg 2048w\" sizes=\"(max-width: 800px) 100vw, 800px\" \/>\t\t\t\t\t\t\t\t\t\t\t\t\t\t\t<\/div>\n\t\t\t\t<\/div>\n\t\t<div class=\"elementor-element elementor-element-1d22d35 e-con-full e-flex wpr-particle-no wpr-jarallax-no wpr-parallax-no wpr-sticky-section-no e-con e-child\" data-id=\"1d22d35\" data-element_type=\"container\" data-e-type=\"container\">\n\t\t\t\t<div class=\"elementor-element elementor-element-6646bf6 elementor-widget elementor-widget-heading\" data-id=\"6646bf6\" data-element_type=\"widget\" data-e-type=\"widget\" data-widget_type=\"heading.default\">\n\t\t\t\t\t<h2 class=\"elementor-heading-title elementor-size-default\">Die Geschichte der Feuerwehr Stadt Schwandorf<\/h2>\t\t\t\t<\/div>\n\t\t\t\t<div class=\"elementor-element elementor-element-b44fc73 elementor-widget elementor-widget-text-editor\" data-id=\"b44fc73\" data-element_type=\"widget\" data-e-type=\"widget\" data-widget_type=\"text-editor.default\">\n\t\t\t\t\t\t\t\t\t<p>Die Feuerwehr Stadt Schwandorf kann auf eine \u00fcber 150-j\u00e4hrige Geschichte zur\u00fcckblicken.\u00a0<\/p><p>Von der Gr\u00fcndung im Jahr 1865 bis heute gibt es viel zu berichten.\u00a0<\/p><p>Wenn Sie mehr \u00fcber die Geschichte der Feuerwehr Stadt Schwandorf erfahren wollen, klicken Sie hier.<\/p>\t\t\t\t\t\t\t\t<\/div>\n\t\t\t\t<div class=\"elementor-element elementor-element-dbfe5e8 elementor-align-center elementor-widget elementor-widget-button\" data-id=\"dbfe5e8\" data-element_type=\"widget\" data-e-type=\"widget\" data-widget_type=\"button.default\">\n\t\t\t\t\t\t\t\t\t\t<a class=\"elementor-button elementor-button-link elementor-size-sm\" href=\"https:\/\/ffschwandorf.de\/geschichte\/\">\n\t\t\t\t\t\t<span class=\"elementor-button-content-wrapper\">\n\t\t\t\t\t\t\t\t\t<span class=\"elementor-button-text\">Mehr erfahren<\/span>\n\t\t\t\t\t<\/span>\n\t\t\t\t\t<\/a>\n\t\t\t\t\t\t\t\t<\/div>\n\t\t\t\t<\/div>\n\t\t\t\t\t<\/div>\n\t\t\t\t<\/div>\n\t\t<div class=\"elementor-element elementor-element-c59d49f e-flex e-con-boxed wpr-particle-no wpr-jarallax-no wpr-parallax-no wpr-sticky-section-no e-con e-parent\" data-id=\"c59d49f\" data-element_type=\"container\" data-e-type=\"container\">\n\t\t\t\t\t<div class=\"e-con-inner\">\n\t\t<div class=\"elementor-element elementor-element-78b1313 e-con-full e-flex wpr-particle-no wpr-jarallax-no wpr-parallax-no wpr-sticky-section-no e-con e-child\" data-id=\"78b1313\" data-element_type=\"container\" data-e-type=\"container\">\n\t\t\t\t<\/div>\n\t\t<div class=\"elementor-element elementor-element-86839a7 e-con-full e-flex wpr-particle-no wpr-jarallax-no wpr-parallax-no wpr-sticky-section-no e-con e-child\" data-id=\"86839a7\" data-element_type=\"container\" data-e-type=\"container\">\n\t\t\t\t<\/div>\n\t\t\t\t\t<\/div>\n\t\t\t\t<\/div>\n\t\t\t\t<\/div>\n\t\t","protected":false},"excerpt":{"rendered":"<p>Jugendfeuerwehr Ohne Nachwuchs geht es nicht! Du hast Lust auf eine tolle Gemeinschaft und m\u00f6chtest mehr \u00fcber die Feuerwehr lernen.\u00a0 Dann informiere dich hier:\u00a0 Mehr Informationen Aktive Mannschaft Ohne weitere Kr\u00e4fte geht es nicht! Um den Brandschutz in Schwandorf und den umliegenden Gemeinden sicher zu stellen.\u00a0\u00a0 Brauchen wir dich! Du hast Interesse am Feuerwehrdienst und suchst eine gute Kameradschaft. Dann informiere dich hier. Mehr Informationen Kinderfeuerwehr Ohne Nachwuchs geht es nicht! Auch die Kleinsten werden bei uns spielerisch an den Brandschutz herangef\u00fchrt.\u00a0\u00a0 Wenn nun das Interesse geweckt wurde, dann bitte hier informieren. Mehr Informationen Neueste Beitr\u00e4ge Die Geschichte der Feuerwehr Stadt Schwandorf Die Feuerwehr Stadt Schwandorf kann auf eine \u00fcber 150-j\u00e4hrige Geschichte zur\u00fcckblicken.\u00a0 Von der Gr\u00fcndung im Jahr 1865 bis heute gibt es viel zu berichten.\u00a0 Wenn Sie mehr \u00fcber die Geschichte der Feuerwehr Stadt Schwandorf erfahren wollen, klicken Sie hier. Mehr erfahren<\/p>\n","protected":false},"author":1,"featured_media":0,"parent":0,"menu_order":0,"comment_status":"closed","ping_status":"open","template":"","meta":{"footnotes":""},"class_list":["post-3968","page","type-page","status-publish","hentry"],"_links":{"self":[{"href":"https:\/\/feuerwehr-schwandorf.de\/index.php?rest_route=\/wp\/v2\/pages\/3968","targetHints":{"allow":["GET"]}}],"collection":[{"href":"https:\/\/feuerwehr-schwandorf.de\/index.php?rest_route=\/wp\/v2\/pages"}],"about":[{"href":"https:\/\/feuerwehr-schwandorf.de\/index.php?rest_route=\/wp\/v2\/types\/page"}],"author":[{"embeddable":true,"href":"https:\/\/feuerwehr-schwandorf.de\/index.php?rest_route=\/wp\/v2\/users\/1"}],"replies":[{"embeddable":true,"href":"https:\/\/feuerwehr-schwandorf.de\/index.php?rest_route=%2Fwp%2Fv2%2Fcomments&post=3968"}],"version-history":[{"count":3,"href":"https:\/\/feuerwehr-schwandorf.de\/index.php?rest_route=\/wp\/v2\/pages\/3968\/revisions"}],"predecessor-version":[{"id":4025,"href":"https:\/\/feuerwehr-schwandorf.de\/index.php?rest_route=\/wp\/v2\/pages\/3968\/revisions\/4025"}],"wp:attachment":[{"href":"https:\/\/feuerwehr-schwandorf.de\/index.php?rest_route=%2Fwp%2Fv2%2Fmedia&parent=3968"}],"curies":[{"name":"wp","href":"https:\/\/api.w.org\/{rel}","templated":true}]}}