{"id":480,"date":"2025-01-26T02:23:48","date_gmt":"2025-01-26T01:23:48","guid":{"rendered":"https:\/\/ffschwandorf.de\/?page_id=480"},"modified":"2025-01-26T02:23:48","modified_gmt":"2025-01-26T01:23:48","slug":"elementor-seite-480","status":"publish","type":"page","link":"https:\/\/feuerwehr-schwandorf.de\/?page_id=480","title":{"rendered":"Schwandorf 11\/1"},"content":{"rendered":"\t\t<div data-elementor-type=\"wp-page\" data-elementor-id=\"480\" class=\"elementor elementor-480\" data-elementor-post-type=\"page\">\n\t\t\t\t<div class=\"elementor-element elementor-element-274a8de e-flex e-con-boxed wpr-particle-no wpr-jarallax-no wpr-parallax-no wpr-sticky-section-no e-con e-parent\" data-id=\"274a8de\" data-element_type=\"container\" data-e-type=\"container\">\n\t\t\t\t\t<div class=\"e-con-inner\">\n\t\t\t\t<div class=\"elementor-element elementor-element-89b1a3b elementor-widget elementor-widget-image\" data-id=\"89b1a3b\" data-element_type=\"widget\" data-e-type=\"widget\" data-widget_type=\"image.default\">\n\t\t\t\t\t\t\t\t\t\t\t\t\t\t\t<img fetchpriority=\"high\" decoding=\"async\" width=\"800\" height=\"533\" src=\"https:\/\/feuerwehr-schwandorf.de\/wp-content\/uploads\/2025\/01\/FF_MZF_11_1_29_04_2018-28.jpg\" class=\"attachment-large size-large wp-image-447\" alt=\"\" srcset=\"https:\/\/feuerwehr-schwandorf.de\/wp-content\/uploads\/2025\/01\/FF_MZF_11_1_29_04_2018-28.jpg 800w, https:\/\/feuerwehr-schwandorf.de\/wp-content\/uploads\/2025\/01\/FF_MZF_11_1_29_04_2018-28-300x200.jpg 300w, https:\/\/feuerwehr-schwandorf.de\/wp-content\/uploads\/2025\/01\/FF_MZF_11_1_29_04_2018-28-768x512.jpg 768w\" sizes=\"(max-width: 800px) 100vw, 800px\" \/>\t\t\t\t\t\t\t\t\t\t\t\t\t\t\t<\/div>\n\t\t\t\t<div class=\"elementor-element elementor-element-7a632b4 elementor-widget elementor-widget-text-editor\" data-id=\"7a632b4\" data-element_type=\"widget\" data-e-type=\"widget\" data-widget_type=\"text-editor.default\">\n\t\t\t\t\t\t\t\t\t<table><tbody><tr><td width=\"302\"><p>Fahrzeughersteller<\/p><\/td><td width=\"302\"><p>Mercedes<\/p><\/td><\/tr><tr><td width=\"302\"><p>Aufbauhersteller<\/p><\/td><td width=\"302\"><p>Furtner + Ammer KG<\/p><\/td><\/tr><tr><td width=\"302\"><p>Kennzeichen<\/p><\/td><td width=\"302\"><p>SAD-F-11401<\/p><\/td><\/tr><tr><td width=\"302\"><p>Typ<\/p><\/td><td width=\"302\"><p>Sprinter 4X4<\/p><\/td><\/tr><tr><td width=\"302\"><p>Leistung<\/p><\/td><td width=\"302\"><p>\u00a0<\/p><\/td><\/tr><tr><td width=\"302\"><p>Baujahr<\/p><\/td><td width=\"302\"><p>2018<\/p><\/td><\/tr><tr><td width=\"302\"><p>Besatzung<\/p><\/td><td width=\"302\"><p>1\/5<\/p><\/td><\/tr><tr><td width=\"302\"><p>Funkrufnamen<\/p><\/td><td width=\"302\"><p>Florian Schwandorf 1<\/p><\/td><\/tr><\/tbody><\/table><p>\u00a0<\/p><p>\u00a0<\/p><p>Ausstattung:<\/p><table width=\"535\"><tbody><tr><td><p>\u00b7\u00a0\u00a0\u00a0\u00a0\u00a0\u00a0\u00a0\u00a0 230 V Einspeisung<\/p><p>\u00b7\u00a0\u00a0\u00a0\u00a0\u00a0\u00a0\u00a0\u00a0 Seitentrittstufe elektrisch ausschwenkbar<\/p><p>\u00b7\u00a0\u00a0\u00a0\u00a0\u00a0\u00a0\u00a0\u00a0 Telefon\/Fax<\/p><p>\u00b7\u00a0\u00a0\u00a0\u00a0\u00a0\u00a0\u00a0\u00a0 Schr\u00e4nke f\u00fcr Ordner und H\u00e4nger Register<\/p><p>\u00b7\u00a0\u00a0\u00a0\u00a0\u00a0\u00a0\u00a0\u00a0 Heckausbau<\/p><p>\u00b7\u00a0\u00a0\u00a0\u00a0\u00a0\u00a0\u00a0\u00a0 Laptop mit Separaten Bildschirm<\/p><p>\u00b7\u00a0\u00a0\u00a0\u00a0\u00a0\u00a0\u00a0\u00a0 Mobile Schutzwand<\/p><p>\u00b7\u00a0\u00a0\u00a0\u00a0\u00a0\u00a0\u00a0\u00a0 RLS 1000<\/p><\/td><\/tr><\/tbody><\/table><p>\u00a0<\/p>\t\t\t\t\t\t\t\t<\/div>\n\t\t\t\t\t<\/div>\n\t\t\t\t<\/div>\n\t\t<div class=\"elementor-element elementor-element-0211584 e-flex e-con-boxed wpr-particle-no wpr-jarallax-no wpr-parallax-no wpr-sticky-section-no e-con e-parent\" data-id=\"0211584\" data-element_type=\"container\" data-e-type=\"container\">\n\t\t\t\t\t<div class=\"e-con-inner\">\n\t\t\t\t<div class=\"elementor-element elementor-element-646d3b1 elementor-widget elementor-widget-gallery\" data-id=\"646d3b1\" data-element_type=\"widget\" data-e-type=\"widget\" data-settings=\"{&quot;lazyload&quot;:&quot;yes&quot;,&quot;gallery_layout&quot;:&quot;grid&quot;,&quot;columns&quot;:4,&quot;columns_tablet&quot;:2,&quot;columns_mobile&quot;:1,&quot;gap&quot;:{&quot;unit&quot;:&quot;px&quot;,&quot;size&quot;:10,&quot;sizes&quot;:[]},&quot;gap_tablet&quot;:{&quot;unit&quot;:&quot;px&quot;,&quot;size&quot;:10,&quot;sizes&quot;:[]},&quot;gap_mobile&quot;:{&quot;unit&quot;:&quot;px&quot;,&quot;size&quot;:10,&quot;sizes&quot;:[]},&quot;link_to&quot;:&quot;file&quot;,&quot;aspect_ratio&quot;:&quot;3:2&quot;,&quot;overlay_background&quot;:&quot;yes&quot;,&quot;content_hover_animation&quot;:&quot;fade-in&quot;}\" data-widget_type=\"gallery.default\">\n\t\t\t\t\t\t\t<div class=\"elementor-gallery__container\">\n\t\t\t\t\t\t\t<a class=\"e-gallery-item elementor-gallery-item elementor-animated-content\" href=\"https:\/\/feuerwehr-schwandorf.de\/wp-content\/uploads\/2025\/02\/FF_MZF_11_1_29_04_2018-9.jpg\" data-elementor-open-lightbox=\"yes\" data-elementor-lightbox-slideshow=\"646d3b1\" data-elementor-lightbox-title=\"FF Schwandorf\" data-e-action-hash=\"#elementor-action%3Aaction%3Dlightbox%26settings%3DeyJpZCI6NjkwLCJ1cmwiOiJodHRwczpcL1wvZmV1ZXJ3ZWhyLXNjaHdhbmRvcmYuZGVcL3dwLWNvbnRlbnRcL3VwbG9hZHNcLzIwMjVcLzAyXC9GRl9NWkZfMTFfMV8yOV8wNF8yMDE4LTkuanBnIiwic2xpZGVzaG93IjoiNjQ2ZDNiMSJ9\">\n\t\t\t\t\t<div class=\"e-gallery-image elementor-gallery-item__image\" data-thumbnail=\"https:\/\/feuerwehr-schwandorf.de\/wp-content\/uploads\/2025\/02\/FF_MZF_11_1_29_04_2018-9-300x200.jpg\" data-width=\"300\" data-height=\"200\" aria-label=\"\" role=\"img\" ><\/div>\n\t\t\t\t\t\t\t\t\t\t\t<div class=\"elementor-gallery-item__overlay\"><\/div>\n\t\t\t\t\t\t\t\t\t\t\t\t\t\t<\/a>\n\t\t\t\t\t\t\t<a class=\"e-gallery-item elementor-gallery-item elementor-animated-content\" href=\"https:\/\/feuerwehr-schwandorf.de\/wp-content\/uploads\/2025\/02\/FF_MZF_11_1_29_04_2018-28-1.jpg\" data-elementor-open-lightbox=\"yes\" data-elementor-lightbox-slideshow=\"646d3b1\" data-elementor-lightbox-title=\"FF Schwandorf\" data-e-action-hash=\"#elementor-action%3Aaction%3Dlightbox%26settings%3DeyJpZCI6NjkxLCJ1cmwiOiJodHRwczpcL1wvZmV1ZXJ3ZWhyLXNjaHdhbmRvcmYuZGVcL3dwLWNvbnRlbnRcL3VwbG9hZHNcLzIwMjVcLzAyXC9GRl9NWkZfMTFfMV8yOV8wNF8yMDE4LTI4LTEuanBnIiwic2xpZGVzaG93IjoiNjQ2ZDNiMSJ9\">\n\t\t\t\t\t<div class=\"e-gallery-image elementor-gallery-item__image\" data-thumbnail=\"https:\/\/feuerwehr-schwandorf.de\/wp-content\/uploads\/2025\/02\/FF_MZF_11_1_29_04_2018-28-1-300x200.jpg\" data-width=\"300\" data-height=\"200\" aria-label=\"\" role=\"img\" ><\/div>\n\t\t\t\t\t\t\t\t\t\t\t<div class=\"elementor-gallery-item__overlay\"><\/div>\n\t\t\t\t\t\t\t\t\t\t\t\t\t\t<\/a>\n\t\t\t\t\t\t\t<a class=\"e-gallery-item elementor-gallery-item elementor-animated-content\" href=\"https:\/\/feuerwehr-schwandorf.de\/wp-content\/uploads\/2025\/02\/FF_MZF_11_1_29_04_2018-2.jpg\" data-elementor-open-lightbox=\"yes\" data-elementor-lightbox-slideshow=\"646d3b1\" data-elementor-lightbox-title=\"FF Schwandorf\" data-e-action-hash=\"#elementor-action%3Aaction%3Dlightbox%26settings%3DeyJpZCI6NjkzLCJ1cmwiOiJodHRwczpcL1wvZmV1ZXJ3ZWhyLXNjaHdhbmRvcmYuZGVcL3dwLWNvbnRlbnRcL3VwbG9hZHNcLzIwMjVcLzAyXC9GRl9NWkZfMTFfMV8yOV8wNF8yMDE4LTIuanBnIiwic2xpZGVzaG93IjoiNjQ2ZDNiMSJ9\">\n\t\t\t\t\t<div class=\"e-gallery-image elementor-gallery-item__image\" data-thumbnail=\"https:\/\/feuerwehr-schwandorf.de\/wp-content\/uploads\/2025\/02\/FF_MZF_11_1_29_04_2018-2-300x200.jpg\" data-width=\"300\" data-height=\"200\" aria-label=\"\" role=\"img\" ><\/div>\n\t\t\t\t\t\t\t\t\t\t\t<div class=\"elementor-gallery-item__overlay\"><\/div>\n\t\t\t\t\t\t\t\t\t\t\t\t\t\t<\/a>\n\t\t\t\t\t\t\t<a class=\"e-gallery-item elementor-gallery-item elementor-animated-content\" href=\"https:\/\/feuerwehr-schwandorf.de\/wp-content\/uploads\/2025\/02\/FF_MZF_11_1_29_04_2018-16.jpg\" data-elementor-open-lightbox=\"yes\" data-elementor-lightbox-slideshow=\"646d3b1\" data-elementor-lightbox-title=\"FF Schwandorf\" data-e-action-hash=\"#elementor-action%3Aaction%3Dlightbox%26settings%3DeyJpZCI6Njk1LCJ1cmwiOiJodHRwczpcL1wvZmV1ZXJ3ZWhyLXNjaHdhbmRvcmYuZGVcL3dwLWNvbnRlbnRcL3VwbG9hZHNcLzIwMjVcLzAyXC9GRl9NWkZfMTFfMV8yOV8wNF8yMDE4LTE2LmpwZyIsInNsaWRlc2hvdyI6IjY0NmQzYjEifQ%3D%3D\">\n\t\t\t\t\t<div class=\"e-gallery-image elementor-gallery-item__image\" data-thumbnail=\"https:\/\/feuerwehr-schwandorf.de\/wp-content\/uploads\/2025\/02\/FF_MZF_11_1_29_04_2018-16-300x200.jpg\" data-width=\"300\" data-height=\"200\" aria-label=\"\" role=\"img\" ><\/div>\n\t\t\t\t\t\t\t\t\t\t\t<div class=\"elementor-gallery-item__overlay\"><\/div>\n\t\t\t\t\t\t\t\t\t\t\t\t\t\t<\/a>\n\t\t\t\t\t<\/div>\n\t\t\t\t\t<\/div>\n\t\t\t\t\t<\/div>\n\t\t\t\t<\/div>\n\t\t\t\t<\/div>\n\t\t","protected":false},"excerpt":{"rendered":"<p>Fahrzeughersteller Mercedes Aufbauhersteller Furtner + Ammer KG Kennzeichen SAD-F-11401 Typ Sprinter 4X4 Leistung \u00a0 Baujahr 2018 Besatzung 1\/5 Funkrufnamen Florian Schwandorf 1 \u00a0 \u00a0 Ausstattung: \u00b7\u00a0\u00a0\u00a0\u00a0\u00a0\u00a0\u00a0\u00a0 230 V Einspeisung \u00b7\u00a0\u00a0\u00a0\u00a0\u00a0\u00a0\u00a0\u00a0 Seitentrittstufe elektrisch ausschwenkbar \u00b7\u00a0\u00a0\u00a0\u00a0\u00a0\u00a0\u00a0\u00a0 Telefon\/Fax \u00b7\u00a0\u00a0\u00a0\u00a0\u00a0\u00a0\u00a0\u00a0 Schr\u00e4nke f\u00fcr Ordner und H\u00e4nger Register \u00b7\u00a0\u00a0\u00a0\u00a0\u00a0\u00a0\u00a0\u00a0 Heckausbau \u00b7\u00a0\u00a0\u00a0\u00a0\u00a0\u00a0\u00a0\u00a0 Laptop mit Separaten Bildschirm \u00b7\u00a0\u00a0\u00a0\u00a0\u00a0\u00a0\u00a0\u00a0 Mobile Schutzwand \u00b7\u00a0\u00a0\u00a0\u00a0\u00a0\u00a0\u00a0\u00a0 RLS 1000 \u00a0<\/p>\n","protected":false},"author":1,"featured_media":0,"parent":0,"menu_order":0,"comment_status":"closed","ping_status":"closed","template":"","meta":{"footnotes":""},"class_list":["post-480","page","type-page","status-publish","hentry"],"_links":{"self":[{"href":"https:\/\/feuerwehr-schwandorf.de\/index.php?rest_route=\/wp\/v2\/pages\/480","targetHints":{"allow":["GET"]}}],"collection":[{"href":"https:\/\/feuerwehr-schwandorf.de\/index.php?rest_route=\/wp\/v2\/pages"}],"about":[{"href":"https:\/\/feuerwehr-schwandorf.de\/index.php?rest_route=\/wp\/v2\/types\/page"}],"author":[{"embeddable":true,"href":"https:\/\/feuerwehr-schwandorf.de\/index.php?rest_route=\/wp\/v2\/users\/1"}],"replies":[{"embeddable":true,"href":"https:\/\/feuerwehr-schwandorf.de\/index.php?rest_route=%2Fwp%2Fv2%2Fcomments&post=480"}],"version-history":[{"count":0,"href":"https:\/\/feuerwehr-schwandorf.de\/index.php?rest_route=\/wp\/v2\/pages\/480\/revisions"}],"wp:attachment":[{"href":"https:\/\/feuerwehr-schwandorf.de\/index.php?rest_route=%2Fwp%2Fv2%2Fmedia&parent=480"}],"curies":[{"name":"wp","href":"https:\/\/api.w.org\/{rel}","templated":true}]}}