{"id":857,"date":"2025-02-14T23:11:34","date_gmt":"2025-02-14T22:11:34","guid":{"rendered":"https:\/\/ffschwandorf.de\/?page_id=857"},"modified":"2025-02-14T23:11:34","modified_gmt":"2025-02-14T22:11:34","slug":"jugendfeuerwehr","status":"publish","type":"page","link":"https:\/\/feuerwehr-schwandorf.de\/?page_id=857","title":{"rendered":"Jugendfeuerwehr"},"content":{"rendered":"\t\t<div data-elementor-type=\"wp-page\" data-elementor-id=\"857\" class=\"elementor elementor-857\" data-elementor-post-type=\"page\">\n\t\t\t\t<div class=\"elementor-element elementor-element-05d867b e-flex e-con-boxed wpr-particle-no wpr-jarallax-no wpr-parallax-no wpr-sticky-section-no e-con e-parent\" data-id=\"05d867b\" data-element_type=\"container\" data-e-type=\"container\">\n\t\t\t\t\t<div class=\"e-con-inner\">\n\t\t<div class=\"elementor-element elementor-element-93aa3d2 e-con-full e-flex wpr-particle-no wpr-jarallax-no wpr-parallax-no wpr-sticky-section-no e-con e-child\" data-id=\"93aa3d2\" data-element_type=\"container\" data-e-type=\"container\">\n\t\t\t\t<div class=\"elementor-element elementor-element-1309edb elementor-widget elementor-widget-image\" data-id=\"1309edb\" data-element_type=\"widget\" data-e-type=\"widget\" data-widget_type=\"image.default\">\n\t\t\t\t\t\t\t\t\t\t\t\t\t\t\t<img decoding=\"async\" src=\"https:\/\/feuerwehr-schwandorf.de\/wp-content\/uploads\/2025\/01\/Dietz_Michael2.jpg\" title=\"Dietz_Michael2\" alt=\"Dietz_Michael2\" loading=\"lazy\" \/>\t\t\t\t\t\t\t\t\t\t\t\t\t\t\t<\/div>\n\t\t\t\t<div class=\"elementor-element elementor-element-20e720e elementor-widget elementor-widget-text-editor\" data-id=\"20e720e\" data-element_type=\"widget\" data-e-type=\"widget\" data-widget_type=\"text-editor.default\">\n\t\t\t\t\t\t\t\t\t<p>Hier findest du mehr Informationen \u00fcber die Betreuer der Jugendfeuerwehr Schwandorf<\/p>\t\t\t\t\t\t\t\t<\/div>\n\t\t\t\t<div class=\"elementor-element elementor-element-206667b elementor-align-center elementor-widget elementor-widget-button\" data-id=\"206667b\" data-element_type=\"widget\" data-e-type=\"widget\" data-widget_type=\"button.default\">\n\t\t\t\t\t\t\t\t\t\t<a class=\"elementor-button elementor-button-link elementor-size-sm\" href=\"https:\/\/ffschwandorf.de\/jf_leitung\/\">\n\t\t\t\t\t\t<span class=\"elementor-button-content-wrapper\">\n\t\t\t\t\t\t\t\t\t<span class=\"elementor-button-text\">Mehr Informationen<\/span>\n\t\t\t\t\t<\/span>\n\t\t\t\t\t<\/a>\n\t\t\t\t\t\t\t\t<\/div>\n\t\t\t\t<\/div>\n\t\t<div class=\"elementor-element elementor-element-c9351b9 e-con-full e-flex wpr-particle-no wpr-jarallax-no wpr-parallax-no wpr-sticky-section-no e-con e-child\" data-id=\"c9351b9\" data-element_type=\"container\" data-e-type=\"container\">\n\t\t\t\t<div class=\"elementor-element elementor-element-98e0bed elementor-widget elementor-widget-image\" data-id=\"98e0bed\" data-element_type=\"widget\" data-e-type=\"widget\" data-widget_type=\"image.default\">\n\t\t\t\t\t\t\t\t\t\t\t\t\t\t\t<img fetchpriority=\"high\" decoding=\"async\" width=\"800\" height=\"600\" src=\"https:\/\/feuerwehr-schwandorf.de\/wp-content\/uploads\/2025\/02\/Lust_auf_Zukunft_2023_2-1024x768.jpg\" class=\"attachment-large size-large wp-image-859\" alt=\"\" srcset=\"https:\/\/feuerwehr-schwandorf.de\/wp-content\/uploads\/2025\/02\/Lust_auf_Zukunft_2023_2-1024x768.jpg 1024w, https:\/\/feuerwehr-schwandorf.de\/wp-content\/uploads\/2025\/02\/Lust_auf_Zukunft_2023_2-300x225.jpg 300w, https:\/\/feuerwehr-schwandorf.de\/wp-content\/uploads\/2025\/02\/Lust_auf_Zukunft_2023_2-768x576.jpg 768w, https:\/\/feuerwehr-schwandorf.de\/wp-content\/uploads\/2025\/02\/Lust_auf_Zukunft_2023_2-1536x1152.jpg 1536w, https:\/\/feuerwehr-schwandorf.de\/wp-content\/uploads\/2025\/02\/Lust_auf_Zukunft_2023_2-2048x1536.jpg 2048w\" sizes=\"(max-width: 800px) 100vw, 800px\" \/>\t\t\t\t\t\t\t\t\t\t\t\t\t\t\t<\/div>\n\t\t\t\t<div class=\"elementor-element elementor-element-d332b87 elementor-widget elementor-widget-text-editor\" data-id=\"d332b87\" data-element_type=\"widget\" data-e-type=\"widget\" data-widget_type=\"text-editor.default\">\n\t\t\t\t\t\t\t\t\t<h1 style=\"text-align: center;\">Mach mit!<\/h1><p>Hier findest du mehr \u00fcber die Jugendfeuerwehr und vor allen wie du Mitglied werden kannst<\/p>\t\t\t\t\t\t\t\t<\/div>\n\t\t\t\t<div class=\"elementor-element elementor-element-ab85303 elementor-align-center elementor-widget elementor-widget-button\" data-id=\"ab85303\" data-element_type=\"widget\" data-e-type=\"widget\" data-widget_type=\"button.default\">\n\t\t\t\t\t\t\t\t\t\t<a class=\"elementor-button elementor-button-link elementor-size-sm\" href=\"https:\/\/ffschwandorf.de\/mach-mit-jf\/\">\n\t\t\t\t\t\t<span class=\"elementor-button-content-wrapper\">\n\t\t\t\t\t\t\t\t\t<span class=\"elementor-button-text\">Mehr Informationen<\/span>\n\t\t\t\t\t<\/span>\n\t\t\t\t\t<\/a>\n\t\t\t\t\t\t\t\t<\/div>\n\t\t\t\t<\/div>\n\t\t<div class=\"elementor-element elementor-element-cf90bc6 e-con-full e-flex wpr-particle-no wpr-jarallax-no wpr-parallax-no wpr-sticky-section-no e-con e-child\" data-id=\"cf90bc6\" data-element_type=\"container\" data-e-type=\"container\">\n\t\t\t\t<div class=\"elementor-element elementor-element-8be7f7f elementor-widget elementor-widget-image\" data-id=\"8be7f7f\" data-element_type=\"widget\" data-e-type=\"widget\" data-widget_type=\"image.default\">\n\t\t\t\t\t\t\t\t\t\t\t\t\t\t\t<img decoding=\"async\" width=\"768\" height=\"576\" src=\"https:\/\/feuerwehr-schwandorf.de\/wp-content\/uploads\/2025\/02\/24huebung_2023_1-768x576.jpg\" class=\"attachment-medium_large size-medium_large wp-image-966\" alt=\"\" srcset=\"https:\/\/feuerwehr-schwandorf.de\/wp-content\/uploads\/2025\/02\/24huebung_2023_1-768x576.jpg 768w, https:\/\/feuerwehr-schwandorf.de\/wp-content\/uploads\/2025\/02\/24huebung_2023_1-300x225.jpg 300w, https:\/\/feuerwehr-schwandorf.de\/wp-content\/uploads\/2025\/02\/24huebung_2023_1-1024x768.jpg 1024w, https:\/\/feuerwehr-schwandorf.de\/wp-content\/uploads\/2025\/02\/24huebung_2023_1-1536x1152.jpg 1536w, https:\/\/feuerwehr-schwandorf.de\/wp-content\/uploads\/2025\/02\/24huebung_2023_1.jpg 1600w\" sizes=\"(max-width: 768px) 100vw, 768px\" \/>\t\t\t\t\t\t\t\t\t\t\t\t\t\t\t<\/div>\n\t\t\t\t<div class=\"elementor-element elementor-element-0d136a1 elementor-widget elementor-widget-text-editor\" data-id=\"0d136a1\" data-element_type=\"widget\" data-e-type=\"widget\" data-widget_type=\"text-editor.default\">\n\t\t\t\t\t\t\t\t\t<p>Beitr\u00e4ge der Jugenfeuerwehr Schwandorf<\/p>\t\t\t\t\t\t\t\t<\/div>\n\t\t\t\t<div class=\"elementor-element elementor-element-a89fda9 elementor-align-center elementor-widget elementor-widget-button\" data-id=\"a89fda9\" data-element_type=\"widget\" data-e-type=\"widget\" data-widget_type=\"button.default\">\n\t\t\t\t\t\t\t\t\t\t<a class=\"elementor-button elementor-button-link elementor-size-sm\" href=\"https:\/\/ffschwandorf.de\/beitraege_jf\/\">\n\t\t\t\t\t\t<span class=\"elementor-button-content-wrapper\">\n\t\t\t\t\t\t\t\t\t<span class=\"elementor-button-text\">Mehr Beitr\u00e4ge<\/span>\n\t\t\t\t\t<\/span>\n\t\t\t\t\t<\/a>\n\t\t\t\t\t\t\t\t<\/div>\n\t\t\t\t<\/div>\n\t\t\t\t\t<\/div>\n\t\t\t\t<\/div>\n\t\t<div class=\"elementor-element elementor-element-d0cf6ef e-flex e-con-boxed wpr-particle-no wpr-jarallax-no wpr-parallax-no wpr-sticky-section-no e-con e-parent\" data-id=\"d0cf6ef\" data-element_type=\"container\" data-e-type=\"container\">\n\t\t\t\t\t<div class=\"e-con-inner\">\n\t\t\t\t<div class=\"elementor-element elementor-element-497af67 elementor-grid-3 elementor-grid-tablet-2 elementor-grid-mobile-1 elementor-widget elementor-widget-portfolio\" data-id=\"497af67\" data-element_type=\"widget\" data-e-type=\"widget\" data-settings=\"{&quot;row_gap&quot;:{&quot;unit&quot;:&quot;px&quot;,&quot;size&quot;:20,&quot;sizes&quot;:[]},&quot;columns&quot;:&quot;3&quot;,&quot;columns_tablet&quot;:&quot;2&quot;,&quot;columns_mobile&quot;:&quot;1&quot;,&quot;item_ratio&quot;:{&quot;unit&quot;:&quot;px&quot;,&quot;size&quot;:0.66,&quot;sizes&quot;:[]},&quot;item_gap&quot;:{&quot;unit&quot;:&quot;px&quot;,&quot;size&quot;:&quot;&quot;,&quot;sizes&quot;:[]}}\" data-widget_type=\"portfolio.default\">\n\t\t\t\t<div class=\"elementor-widget-container\">\n\t\t\t\t\t\t\t<div class=\"elementor-portfolio elementor-grid elementor-posts-container\" role=\"list\">\n\t\t\t\t<article class=\"elementor-portfolio-item elementor-post  post-3793 post type-post status-publish format-standard has-post-thumbnail hentry category-allgemein category-kf\" role=\"listitem\">\n\t\t\t<a class=\"elementor-post__thumbnail__link\" href=\"https:\/\/feuerwehr-schwandorf.de\/?p=3793\">\n\t\t\t\t<div class=\"elementor-portfolio-item__img elementor-post__thumbnail\">\n\t\t\t<img decoding=\"async\" width=\"263\" height=\"300\" src=\"https:\/\/feuerwehr-schwandorf.de\/wp-content\/uploads\/2026\/01\/Jfw-scaled-1-263x300.jpg\" class=\"attachment-medium size-medium wp-image-4058\" alt=\"\" srcset=\"https:\/\/feuerwehr-schwandorf.de\/wp-content\/uploads\/2026\/01\/Jfw-scaled-1-263x300.jpg 263w, https:\/\/feuerwehr-schwandorf.de\/wp-content\/uploads\/2026\/01\/Jfw-scaled-1-898x1024.jpg 898w, https:\/\/feuerwehr-schwandorf.de\/wp-content\/uploads\/2026\/01\/Jfw-scaled-1-768x875.jpg 768w, https:\/\/feuerwehr-schwandorf.de\/wp-content\/uploads\/2026\/01\/Jfw-scaled-1-1348x1536.jpg 1348w, https:\/\/feuerwehr-schwandorf.de\/wp-content\/uploads\/2026\/01\/Jfw-scaled-1-1797x2048.jpg 1797w\" sizes=\"(max-width: 263px) 100vw, 263px\" \/>\t\t<\/div>\n\t\t\t\t<div class=\"elementor-portfolio-item__overlay\">\n\t\t\t\t<h3 class=\"elementor-portfolio-item__title\">\n\t\tVon der Kinder- zur Jugendfeuerwehr\t\t<\/h3>\n\t\t\t\t<\/div>\n\t\t\t\t<\/a>\n\t\t<\/article>\n\t\t\t\t<article class=\"elementor-portfolio-item elementor-post  post-1860 post type-post status-publish format-standard has-post-thumbnail hentry category-allgemein category-jf category-kf category-verein\" role=\"listitem\">\n\t\t\t<a class=\"elementor-post__thumbnail__link\" href=\"https:\/\/feuerwehr-schwandorf.de\/?p=1860\">\n\t\t\t\t<div class=\"elementor-portfolio-item__img elementor-post__thumbnail\">\n\t\t\t\t\t<\/div>\n\t\t\t\t<div class=\"elementor-portfolio-item__overlay\">\n\t\t\t\t<h3 class=\"elementor-portfolio-item__title\">\n\t\t41. Sommernachtsfest\t\t<\/h3>\n\t\t\t\t<\/div>\n\t\t\t\t<\/a>\n\t\t<\/article>\n\t\t\t\t<article class=\"elementor-portfolio-item elementor-post  post-1267 post type-post status-publish format-standard has-post-thumbnail hentry category-kf\" role=\"listitem\">\n\t\t\t<a class=\"elementor-post__thumbnail__link\" href=\"https:\/\/feuerwehr-schwandorf.de\/?p=1267\">\n\t\t\t\t<div class=\"elementor-portfolio-item__img elementor-post__thumbnail\">\n\t\t\t<img loading=\"lazy\" decoding=\"async\" width=\"300\" height=\"135\" src=\"https:\/\/feuerwehr-schwandorf.de\/wp-content\/uploads\/2025\/02\/IMG_20220509_163634-300x135.jpg\" class=\"attachment-medium size-medium wp-image-1268\" alt=\"\" srcset=\"https:\/\/feuerwehr-schwandorf.de\/wp-content\/uploads\/2025\/02\/IMG_20220509_163634-300x135.jpg 300w, https:\/\/feuerwehr-schwandorf.de\/wp-content\/uploads\/2025\/02\/IMG_20220509_163634-1024x461.jpg 1024w, https:\/\/feuerwehr-schwandorf.de\/wp-content\/uploads\/2025\/02\/IMG_20220509_163634-768x346.jpg 768w, https:\/\/feuerwehr-schwandorf.de\/wp-content\/uploads\/2025\/02\/IMG_20220509_163634-1536x691.jpg 1536w, https:\/\/feuerwehr-schwandorf.de\/wp-content\/uploads\/2025\/02\/IMG_20220509_163634.jpg 1667w\" sizes=\"(max-width: 300px) 100vw, 300px\" \/>\t\t<\/div>\n\t\t\t\t<div class=\"elementor-portfolio-item__overlay\">\n\t\t\t\t<h3 class=\"elementor-portfolio-item__title\">\n\t\tSpende f\u00fcr die Kinderfeuerwehr\t\t<\/h3>\n\t\t\t\t<\/div>\n\t\t\t\t<\/a>\n\t\t<\/article>\n\t\t\t\t<article class=\"elementor-portfolio-item elementor-post  post-1263 post type-post status-publish format-standard has-post-thumbnail hentry category-kf\" role=\"listitem\">\n\t\t\t<a class=\"elementor-post__thumbnail__link\" href=\"https:\/\/feuerwehr-schwandorf.de\/?p=1263\">\n\t\t\t\t<div class=\"elementor-portfolio-item__img elementor-post__thumbnail\">\n\t\t\t<img loading=\"lazy\" decoding=\"async\" width=\"300\" height=\"182\" src=\"https:\/\/feuerwehr-schwandorf.de\/wp-content\/uploads\/2025\/02\/Logo-300x182.jpg\" class=\"attachment-medium size-medium wp-image-1264\" alt=\"\" srcset=\"https:\/\/feuerwehr-schwandorf.de\/wp-content\/uploads\/2025\/02\/Logo-300x182.jpg 300w, https:\/\/feuerwehr-schwandorf.de\/wp-content\/uploads\/2025\/02\/Logo-768x466.jpg 768w, https:\/\/feuerwehr-schwandorf.de\/wp-content\/uploads\/2025\/02\/Logo.jpg 800w\" sizes=\"(max-width: 300px) 100vw, 300px\" \/>\t\t<\/div>\n\t\t\t\t<div class=\"elementor-portfolio-item__overlay\">\n\t\t\t\t<h3 class=\"elementor-portfolio-item__title\">\n\t\tKinderfeuerwehr &#8211; Infos f\u00fcr die Eltern\t\t<\/h3>\n\t\t\t\t<\/div>\n\t\t\t\t<\/a>\n\t\t<\/article>\n\t\t\t\t<article class=\"elementor-portfolio-item elementor-post  post-1233 post type-post status-publish format-standard has-post-thumbnail hentry category-kf\" role=\"listitem\">\n\t\t\t<a class=\"elementor-post__thumbnail__link\" href=\"https:\/\/feuerwehr-schwandorf.de\/?p=1233\">\n\t\t\t\t<div class=\"elementor-portfolio-item__img elementor-post__thumbnail\">\n\t\t\t\t\t<\/div>\n\t\t\t\t<div class=\"elementor-portfolio-item__overlay\">\n\t\t\t\t<h3 class=\"elementor-portfolio-item__title\">\n\t\tGr\u00fcndung Kinderfeuerwehr\t\t<\/h3>\n\t\t\t\t<\/div>\n\t\t\t\t<\/a>\n\t\t<\/article>\n\t\t\t\t<\/div>\n\t\t\t\t\t\t<\/div>\n\t\t\t\t<\/div>\n\t\t\t\t\t<\/div>\n\t\t\t\t<\/div>\n\t\t\t\t<\/div>\n\t\t","protected":false},"excerpt":{"rendered":"<p>Hier findest du mehr Informationen \u00fcber die Betreuer der Jugendfeuerwehr Schwandorf Mehr Informationen Mach mit! Hier findest du mehr \u00fcber die Jugendfeuerwehr und vor allen wie du Mitglied werden kannst Mehr Informationen Beitr\u00e4ge der Jugenfeuerwehr Schwandorf Mehr Beitr\u00e4ge<\/p>\n","protected":false},"author":1,"featured_media":0,"parent":0,"menu_order":0,"comment_status":"closed","ping_status":"closed","template":"","meta":{"footnotes":""},"class_list":["post-857","page","type-page","status-publish","hentry"],"_links":{"self":[{"href":"https:\/\/feuerwehr-schwandorf.de\/index.php?rest_route=\/wp\/v2\/pages\/857","targetHints":{"allow":["GET"]}}],"collection":[{"href":"https:\/\/feuerwehr-schwandorf.de\/index.php?rest_route=\/wp\/v2\/pages"}],"about":[{"href":"https:\/\/feuerwehr-schwandorf.de\/index.php?rest_route=\/wp\/v2\/types\/page"}],"author":[{"embeddable":true,"href":"https:\/\/feuerwehr-schwandorf.de\/index.php?rest_route=\/wp\/v2\/users\/1"}],"replies":[{"embeddable":true,"href":"https:\/\/feuerwehr-schwandorf.de\/index.php?rest_route=%2Fwp%2Fv2%2Fcomments&post=857"}],"version-history":[{"count":0,"href":"https:\/\/feuerwehr-schwandorf.de\/index.php?rest_route=\/wp\/v2\/pages\/857\/revisions"}],"wp:attachment":[{"href":"https:\/\/feuerwehr-schwandorf.de\/index.php?rest_route=%2Fwp%2Fv2%2Fmedia&parent=857"}],"curies":[{"name":"wp","href":"https:\/\/api.w.org\/{rel}","templated":true}]}}